{"id":6,"date":"2019-02-17T14:30:12","date_gmt":"2019-02-17T14:30:12","guid":{"rendered":"http:\/\/nilethemes.com\/wordpress\/salma\/?page_id=6"},"modified":"2025-02-27T15:31:48","modified_gmt":"2025-02-27T15:31:48","slug":"homepage-1","status":"publish","type":"page","link":"https:\/\/santoandremotores.com.br\/web\/","title":{"rendered":"P\u00e1gina Inicial"},"content":{"rendered":"<p>[vc_row][vc_column][vc_column_text]\n<div id=\"rev_slider_1_1_wrapper\" class=\"rev_slider_wrapper fullwidthbanner-container\" data-source=\"gallery\" style=\"margin:0px auto;background:#FFFFFF;padding:0px;margin-top:0px;margin-bottom:0px;\">\n<!-- START REVOLUTION SLIDER 5.4.6.3.1 fullwidth mode -->\n\t<div id=\"rev_slider_1_1\" class=\"rev_slider fullwidthabanner\" style=\"display:none;\" data-version=\"5.4.6.3.1\">\n<ul>\t<!-- SLIDE  -->\n\t<li data-index=\"rs-18\" data-transition=\"random\" data-slotamount=\"7\" data-hideafterloop=\"0\" data-hideslideonmobile=\"off\"  data-easein=\"default\" data-easeout=\"default\" data-masterspeed=\"300\"  data-link=\"https:\/\/santoandremotores.com.br\/web\/motor-eletrico-venda-a-base-de-troca\/\"   data-thumb=\"https:\/\/santoandremotores.com.br\/web\/wp-content\/uploads\/2024\/08\/Santo_Andre_Motores_Novos_Banners_Motor_02-scaled-100x50.jpg\"  data-rotate=\"0\"  data-saveperformance=\"off\"  data-title=\"Slide\" data-param1=\"\" data-param2=\"\" data-param3=\"\" data-param4=\"\" data-param5=\"\" data-param6=\"\" data-param7=\"\" data-param8=\"\" data-param9=\"\" data-param10=\"\" data-description=\"\">\n\t\t<!-- MAIN IMAGE -->\n\t\t<img src=\"https:\/\/santoandremotores.com.br\/web\/wp-content\/uploads\/2024\/08\/Santo_Andre_Motores_Novos_Banners_Motor_02-scaled.jpg\"  alt=\"\"  width=\"2560\" height=\"929\" data-bgposition=\"center center\" data-bgfit=\"cover\" data-bgrepeat=\"no-repeat\" class=\"rev-slidebg\" data-no-retina>\n\t\t<!-- LAYERS -->\n\t<\/li>\n\t<!-- SLIDE  -->\n\t<li data-index=\"rs-19\" data-transition=\"random\" data-slotamount=\"7\" data-hideafterloop=\"0\" data-hideslideonmobile=\"off\"  data-easein=\"default\" data-easeout=\"default\" data-masterspeed=\"300\"  data-link=\"https:\/\/santoandremotores.com.br\/web\/motor-eletrico\/\"   data-thumb=\"https:\/\/santoandremotores.com.br\/web\/wp-content\/uploads\/2024\/08\/Santo_Andre_Motores_Novos_Banners_Motor-scaled-100x50.jpg\"  data-rotate=\"0\"  data-saveperformance=\"off\"  data-title=\"Slide\" data-param1=\"\" data-param2=\"\" data-param3=\"\" data-param4=\"\" data-param5=\"\" data-param6=\"\" data-param7=\"\" data-param8=\"\" data-param9=\"\" data-param10=\"\" data-description=\"\">\n\t\t<!-- MAIN IMAGE -->\n\t\t<img src=\"https:\/\/santoandremotores.com.br\/web\/wp-content\/uploads\/2024\/08\/Santo_Andre_Motores_Novos_Banners_Motor-scaled.jpg\"  alt=\"\"  width=\"2560\" height=\"929\" data-bgposition=\"center center\" data-bgfit=\"contain\" data-bgrepeat=\"no-repeat\" class=\"rev-slidebg\" data-no-retina>\n\t\t<!-- LAYERS -->\n\t<\/li>\n\t<!-- SLIDE  -->\n\t<li data-index=\"rs-20\" data-transition=\"random\" data-slotamount=\"7\" data-hideafterloop=\"0\" data-hideslideonmobile=\"off\"  data-easein=\"default\" data-easeout=\"default\" data-masterspeed=\"300\"  data-link=\"\/web\/redutores\/\"   data-thumb=\"https:\/\/santoandremotores.com.br\/web\/wp-content\/uploads\/2021\/05\/Redutores-100x50.jpg\"  data-rotate=\"0\"  data-saveperformance=\"off\"  data-title=\"Slide\" data-param1=\"\" data-param2=\"\" data-param3=\"\" data-param4=\"\" data-param5=\"\" data-param6=\"\" data-param7=\"\" data-param8=\"\" data-param9=\"\" data-param10=\"\" data-description=\"\">\n\t\t<!-- MAIN IMAGE -->\n\t\t<img src=\"https:\/\/santoandremotores.com.br\/web\/wp-content\/uploads\/2021\/05\/Redutores.jpg\"  alt=\"\" title=\"Redutores\"  width=\"2234\" height=\"811\" data-bgposition=\"center center\" data-bgfit=\"cover\" data-bgrepeat=\"no-repeat\" class=\"rev-slidebg\" data-no-retina>\n\t\t<!-- LAYERS -->\n\t<\/li>\n<\/ul>\n<script>var htmlDiv = document.getElementById(\"rs-plugin-settings-inline-css\"); var htmlDivCss=\"\";\r\n\t\t\t\t\t\tif(htmlDiv) {\r\n\t\t\t\t\t\t\thtmlDiv.innerHTML = htmlDiv.innerHTML + htmlDivCss;\r\n\t\t\t\t\t\t}else{\r\n\t\t\t\t\t\t\tvar htmlDiv = document.createElement(\"div\");\r\n\t\t\t\t\t\t\thtmlDiv.innerHTML = \"<style>\" + htmlDivCss + \"<\/style>\";\r\n\t\t\t\t\t\t\tdocument.getElementsByTagName(\"head\")[0].appendChild(htmlDiv.childNodes[0]);\r\n\t\t\t\t\t\t}\r\n\t\t\t\t\t<\/script>\n<div class=\"tp-bannertimer\" style=\"height: 5px; background: rgba(0,0,0,0.15);\"><\/div>\t<\/div>\n<script>var htmlDiv = document.getElementById(\"rs-plugin-settings-inline-css\"); var htmlDivCss=\"\";\r\n\t\t\t\tif(htmlDiv) {\r\n\t\t\t\t\thtmlDiv.innerHTML = htmlDiv.innerHTML + htmlDivCss;\r\n\t\t\t\t}else{\r\n\t\t\t\t\tvar htmlDiv = document.createElement(\"div\");\r\n\t\t\t\t\thtmlDiv.innerHTML = \"<style>\" + htmlDivCss + \"<\/style>\";\r\n\t\t\t\t\tdocument.getElementsByTagName(\"head\")[0].appendChild(htmlDiv.childNodes[0]);\r\n\t\t\t\t}\r\n\t\t\t<\/script>\n\t\t<script type=\"text\/javascript\">\r\nsetREVStartSize({c: jQuery('#rev_slider_1_1'), gridwidth: [1500], gridheight: [600], sliderLayout: 'fullwidth'});\r\n\t\t\t\r\nvar revapi1,\r\n\ttpj=jQuery;\r\ntpj.noConflict();\t\t\t\r\ntpj(document).ready(function() {\n\tif(tpj(\"#rev_slider_1_1\").revolution == undefined){\n\t\trevslider_showDoubleJqueryError(\"#rev_slider_1_1\");\n\t}else{\n\t\trevapi1 = tpj(\"#rev_slider_1_1\").show().revolution({\n\t\t\tsliderType:\"standard\",\n\t\t\tjsFileLocation:\"\/\/santoandremotores.com.br\/web\/wp-content\/plugins\/revslider\/public\/assets\/js\/\",\n\t\t\tsliderLayout:\"fullwidth\",\n\t\t\tdottedOverlay:\"none\",\n\t\t\tdelay:5000,\n\t\t\tnavigation: {\n\t\t\t\tkeyboardNavigation:\"off\",\n\t\t\t\tkeyboard_direction: \"horizontal\",\n\t\t\t\tmouseScrollNavigation:\"off\",\n \t\t\t\t\t\t\tmouseScrollReverse:\"default\",\n\t\t\t\tonHoverStop:\"off\",\n\t\t\t\ttouch:{\n\t\t\t\t\ttouchenabled:\"on\",\n\t\t\t\t\ttouchOnDesktop:\"off\",\n\t\t\t\t\tswipe_threshold: 75,\n\t\t\t\t\tswipe_min_touches: 1,\n\t\t\t\t\tswipe_direction: \"horizontal\",\n\t\t\t\t\tdrag_block_vertical: false\n\t\t\t\t}\n\t\t\t\t,\n\t\t\t\tarrows: {\n\t\t\t\t\tstyle:\"gyges\",\n\t\t\t\t\tenable:true,\n\t\t\t\t\thide_onmobile:false,\n\t\t\t\t\thide_onleave:false,\n\t\t\t\t\ttmp:'',\n\t\t\t\t\tleft: {\n\t\t\t\t\t\th_align:\"left\",\n\t\t\t\t\t\tv_align:\"center\",\n\t\t\t\t\t\th_offset:20,\n\t\t\t\t\t\tv_offset:0\n\t\t\t\t\t},\n\t\t\t\t\tright: {\n\t\t\t\t\t\th_align:\"right\",\n\t\t\t\t\t\tv_align:\"center\",\n\t\t\t\t\t\th_offset:20,\n\t\t\t\t\t\tv_offset:0\n\t\t\t\t\t}\n\t\t\t\t}\n\t\t\t},\n\t\t\tvisibilityLevels:[1240,1024,778,480],\n\t\t\tgridwidth:1500,\n\t\t\tgridheight:600,\n\t\t\tlazyType:\"none\",\n\t\t\tshadow:0,\n\t\t\tspinner:\"spinner0\",\n\t\t\tstopLoop:\"off\",\n\t\t\tstopAfterLoops:-1,\n\t\t\tstopAtSlide:-1,\n\t\t\tshuffle:\"off\",\n\t\t\tautoHeight:\"off\",\n\t\t\thideThumbsOnMobile:\"off\",\n\t\t\thideSliderAtLimit:0,\n\t\t\thideCaptionAtLimit:0,\n\t\t\thideAllCaptionAtLilmit:0,\n\t\t\tdebugMode:false,\n\t\t\tfallbacks: {\n\t\t\t\tsimplifyAll:\"off\",\n\t\t\t\tnextSlideOnWindowFocus:\"off\",\n\t\t\t\tdisableFocusListener:false,\n\t\t\t}\n\t\t});\n\t}\n\t\n});\t\/*ready*\/\n<\/script>\r\n\t\t<\/div><!-- END REVOLUTION SLIDER -->[\/vc_column_text][\/vc_column][\/vc_row][vc_row slider_content=&#8221;&#8221; css=&#8221;.vc_custom_1617217013239{padding-top: 0px !important;padding-bottom: 0px !important;background: #ffffff url(https:\/\/santoandremotores.com.br\/web\/\/wp-content\/uploads\/2016\/05\/construction01_about_us_background.png?id=24056) !important;background-position: center !important;background-repeat: no-repeat !important;background-size: cover !important;}&#8221;][vc_column css=&#8221;.vc_custom_1617216938351{background-position: center !important;background-repeat: no-repeat !important;background-size: cover !important;}&#8221;][vc_row_inner content_placement=&#8221;middle&#8221; css=&#8221;.vc_custom_1617211575860{background-position: center !important;background-repeat: no-repeat !important;background-size: cover !important;}&#8221;][vc_column_inner width=&#8221;1\/2&#8243;]<h2   style=\"font-size: 45px; font-weight: 500; letter-spacing: -2px; line-height: 47px; text-align: left; color: #000000;\" class=\" vc_custom_1619010176640\">SOBRE N\u00d3S<br \/>\n<\/h2>[vc_separator color=&#8221;custom&#8221; accent_color=&#8221;#fbcf00&#8243;]<h6   style=\"font-size: 24px; font-weight: 300; letter-spacing: 0px; line-height: 32px; text-align: left; color: #000000;\" class=\" vc_custom_1618925262750\">CONHE\u00c7A UM POUCO DA SANTO ANDR\u00c9 MOTORES!<\/h6>[\/vc_column_inner][vc_column_inner width=&#8221;1\/2&#8243;][vc_empty_space height=&#8221;50px&#8221;][vc_empty_space height=&#8221;50px&#8221;][vc_column_text]<\/p>\n<div class=\"wpb_text_column wpb_content_element \">\n<div class=\"wpb_wrapper\">\n<p style=\"text-align: justify;\"><span style=\"color: #808080;\">A empresa ocupa um lugar de destaque no mercado de motor el\u00e9trico usado, especificamente em motores el\u00e9tricos trif\u00e1sicos e redutores de velocidade, valorizado por um grupo profissional altamente competente, alta qualidade dos produtos e com pre\u00e7os competitivos.<\/span><span style=\"color: #808080; text-align: justify;\"><br \/>\nEstamos inseridos no mercado prestando servi\u00e7os de manuten\u00e7\u00e3o para os mais variados segmentos da ind\u00fastria, tudo com a garantia Santo Andr\u00e9 Motores.<\/span><\/p>\n<\/div>\n<\/div>\n<p>[\/vc_column_text][vc_empty_space height=&#8221;50px&#8221;][\/vc_column_inner][\/vc_row_inner][\/vc_column][\/vc_row][vc_row full_width=&#8221;stretch_row_content_no_spaces&#8221; full_height=&#8221;yes&#8221; slider_content=&#8221;&#8221; row_id=&#8221;motor&#8221; css=&#8221;.vc_custom_1725019383723{background-position: center !important;background-repeat: no-repeat !important;background-size: cover !important;}&#8221;][vc_column width=&#8221;1\/3&#8243;][vc_single_image image=&#8221;31647&#8243; img_size=&#8221;full&#8221;][\/vc_column][vc_column width=&#8221;1\/3&#8243;][vc_single_image image=&#8221;31646&#8243; img_size=&#8221;full&#8221;][\/vc_column][vc_column width=&#8221;1\/3&#8243;][vc_single_image image=&#8221;31645&#8243; img_size=&#8221;full&#8221;][vc_empty_space height=&#8221;40px&#8221;][\/vc_column][\/vc_row][vc_row full_width=&#8221;stretch_row_content_no_spaces&#8221; full_height=&#8221;yes&#8221; slider_content=&#8221;&#8221; row_id=&#8221;motor&#8221; css=&#8221;.vc_custom_1724939710608{background-position: center !important;background-repeat: no-repeat !important;background-size: cover !important;}&#8221;][vc_column width=&#8221;1\/3&#8243;][vc_single_image image=&#8221;31659&#8243; img_size=&#8221;full&#8221;][\/vc_column][vc_column width=&#8221;1\/3&#8243;][vc_single_image image=&#8221;31657&#8243; img_size=&#8221;full&#8221;][\/vc_column][vc_column width=&#8221;1\/3&#8243;][vc_single_image image=&#8221;31661&#8243; img_size=&#8221;full&#8221;][\/vc_column][\/vc_row][vc_row slider_content=&#8221;&#8221; css=&#8221;.vc_custom_1617213864596{background-image: url(https:\/\/santoandremotores.com.br\/web\/\/wp-content\/uploads\/2018\/04\/fundo-01.png?id=30086) !important;background-position: center !important;background-repeat: no-repeat !important;background-size: cover !important;}&#8221;][vc_column width=&#8221;1\/2&#8243;][vc_empty_space height=&#8221;50px&#8221;][vc_empty_space height=&#8221;50px&#8221;]<h2   style=\"font-size: 45px; font-weight: 500; letter-spacing: -2px; line-height: 47px; text-align: left; color: #000000;\" class=\" vc_custom_1618925921513\">PORQUE ESCOLHER A SANTO ANDR\u00c9 MOTORES<\/h2>[vc_separator color=&#8221;custom&#8221; el_width=&#8221;10&#8243; accent_color=&#8221;#fbcf00&#8243;][\/vc_column][vc_column width=&#8221;1\/2&#8243;][vc_empty_space height=&#8221;50px&#8221;][vc_column_text]<\/p>\n<div class=\"vc_tta-panel-heading\">\n<h4 class=\"vc_tta-panel-title vc_tta-controls-icon-position-left\"><span class=\"vc_tta-title-text\">CARACTER\u00cdSTICAS T\u00c9CNICAS DE TRABALHO<\/span><\/h4>\n<\/div>\n<div class=\"vc_tta-panel-body\">\n<div class=\"vc_row wpb_row vc_inner vc_row-fluid\">\n<div class=\"wpb_column vc_column_container vc_col-sm-12\">\n<div class=\"vc_column-inner \">\n<div class=\"wpb_wrapper\">\n<div class=\"gem-list gem-list-type-square gem-list-color-4\">\n<ul>\n<li>A\u00a0<strong>Santo Andr\u00e9 Motores<\/strong> trabalha com <strong>motores el\u00e9tricos usados de corrente alternada<\/strong>,\u00a0<strong>cont\u00ednua<\/strong>,\u00a0<strong>redutores de velocidade<\/strong>,\u00a0<strong>motobombas<\/strong>,\u00a0<strong>motofreios<\/strong>,\u00a0<strong>bombas d\u2019\u00e1gua<\/strong>\u00a0e\u00a0<strong>outros<\/strong>.<\/li>\n<\/ul>\n<\/div>\n<div class=\"wpb_text_column wpb_content_element \">\n<div class=\"vc_tta-panel-heading\">\n<h4 class=\"vc_tta-panel-title vc_tta-controls-icon-position-left\"><span class=\"vc_tta-title-text\">O QUE FAREMOS POR SUA EMPRESA<\/span><\/h4>\n<\/div>\n<div class=\"vc_tta-panel-body\">\n<div class=\"vc_row wpb_row vc_inner vc_row-fluid\">\n<div class=\"wpb_column vc_column_container vc_col-sm-12\">\n<div class=\"vc_column-inner \">\n<div class=\"wpb_wrapper\">\n<div class=\"gem-list gem-list-type-square gem-list-color-4\">\n<ul>\n<li>Compra de\u00a0<strong>motor el\u00e9trico usado<\/strong>\u00a0e\u00a0<strong>redutores<\/strong>\u00a0(consulte as condi\u00e7\u00f5es);<\/li>\n<li><strong>Motor el\u00e9trico usado<\/strong>\u00a0(WEG, ARNO, B\u00daFALO, GE, EBERLE, SIEMENS) e<strong>\u00a0redutor de velocidade\u00a0<\/strong>(Cestari, SEW, Transmotecnica TT, Flender, JDA, Bonfiglioli, entre outros);<\/li>\n<li>Troca do seu\u00a0<strong>motor queimado<\/strong>\u00a0por um\u00a0<strong>usado\u00a0<\/strong>e revisado.<\/li>\n<\/ul>\n<div class=\"vc_tta-panel-heading\">\n<h4 class=\"vc_tta-panel-title vc_tta-controls-icon-position-left\"><span class=\"vc_tta-title-text\">NOSSOS SERVI\u00c7OS<\/span><i class=\"vc_tta-controls-icon vc_tta-controls-icon-solid_squared\"><\/i><\/h4>\n<\/div>\n<div class=\"vc_tta-panel-body\">\n<div class=\"vc_row wpb_row vc_inner vc_row-fluid\">\n<div class=\"wpb_column vc_column_container vc_col-sm-12\">\n<div class=\"vc_column-inner \">\n<div class=\"wpb_wrapper\">\n<div class=\"gem-list gem-list-type-square gem-list-color-4\">\n<ul>\n<li>Trabalhamos com\u00a0<strong>motores de corrente alternada<\/strong>;<\/li>\n<li><strong>Redutores<\/strong>;<\/li>\n<li><strong>Motoredutores<\/strong>;<\/li>\n<li><strong>Monof\u00e1sicos;<\/strong><\/li>\n<li><strong>Motovibrador<\/strong>;<\/li>\n<li><strong>Compressor radial<\/strong><\/li>\n<\/ul>\n<\/div>\n<\/div>\n<\/div>\n<\/div>\n<\/div>\n<\/div>\n<\/div>\n<\/div>\n<\/div>\n<\/div>\n<\/div>\n<\/div>\n<\/div>\n<\/div>\n<\/div>\n<\/div>\n<\/div>\n<\/div>\n<p>[\/vc_column_text][\/vc_column][\/vc_row][vc_row slider_content=&#8221;&#8221; css=&#8221;.vc_custom_1617217272550{background-image: url(https:\/\/santoandremotores.com.br\/web\/\/wp-content\/uploads\/2016\/05\/construction_process.jpg?id=24078) !important;background-position: center !important;background-repeat: no-repeat !important;background-size: cover !important;}&#8221;][vc_column css=&#8221;.vc_custom_1740670296508{margin-top: 50px !important;}&#8221;]<h2   style=\"font-size: 45px; font-weight: 500; letter-spacing: -1px; line-height: 47px; text-align: center; color: #000000;\" class=\"\">CONHE\u00c7A NOSSOS VALORES<br \/>\n<\/h2>[vc_separator color=&#8221;custom&#8221; el_width=&#8221;10&#8243; accent_color=&#8221;#fbcf00&#8243;][vc_row_inner][vc_column_inner width=&#8221;1\/2&#8243;][vc_column_text]<\/p>\n<div class=\"wpb_text_column wpb_content_element \">\n<div class=\"wpb_wrapper\">\n<h1 class=\"title-xlarge\" style=\"text-align: center;\"><span style=\"color: #fbcf00;\">01<\/span><\/h1>\n<\/div>\n<\/div>\n<div class=\"clearboth\" style=\"text-align: center;\"><\/div>\n<div class=\"gem-divider \" style=\"text-align: center;\"><\/div>\n<div class=\"vc_row wpb_row vc_inner vc_row-fluid\">\n<div class=\"wpb_column vc_column_container vc_col-sm-12\">\n<div class=\"vc_column-inner \">\n<div class=\"wpb_wrapper\">\n<div class=\"wpb_text_column wpb_content_element \">\n<div class=\"wpb_wrapper\">\n<h2 class=\"title-h5\" style=\"text-align: center;\"><strong>NOSSA VIS\u00c3O<\/strong><\/h2>\n<p style=\"text-align: center;\">Ser reconhecida no mercado de<strong>\u00a0motores el\u00e9tricos usados<\/strong>\u00a0como a maior do ramo no Brasil.<\/p>\n<\/div>\n<\/div>\n<\/div>\n<\/div>\n<\/div>\n<\/div>\n<p>[\/vc_column_text][vc_empty_space][vc_empty_space][\/vc_column_inner][vc_column_inner width=&#8221;1\/2&#8243;][vc_column_text]<\/p>\n<div class=\"wpb_text_column wpb_content_element \">\n<div class=\"wpb_wrapper\">\n<h1 class=\"title-xlarge\" style=\"text-align: center;\"><span style=\"color: #fbcf00;\">02<\/span><\/h1>\n<\/div>\n<\/div>\n<div class=\"vc_row wpb_row vc_inner vc_row-fluid\">\n<div class=\"wpb_column vc_column_container vc_col-sm-12\">\n<div class=\"vc_column-inner \">\n<div class=\"wpb_wrapper\">\n<div class=\"wpb_text_column wpb_content_element \">\n<div class=\"wpb_wrapper\">\n<h2 class=\"title-h5\" style=\"text-align: center;\"><strong><span style=\"color: #000000;\">NOSSOS VALORES<\/span><\/strong><\/h2>\n<p style=\"text-align: center;\">Assegurar aos nossos clientes produtos usados e revisados com a melhor qualidade do mercado.<\/p>\n<\/div>\n<\/div>\n<\/div>\n<\/div>\n<\/div>\n<\/div>\n<p>[\/vc_column_text][vc_empty_space][\/vc_column_inner][\/vc_row_inner][\/vc_column][\/vc_row]<\/p>\n","protected":false},"excerpt":{"rendered":"<p>[vc_row][vc_column][vc_column_text][\/vc_column_text][\/vc_column][\/vc_row][vc_row slider_content=&#8221;&#8221; css=&#8221;.vc_custom_1617217013239{padding-top: 0px !important;padding-bottom: 0px !important;background: #ffffff url(https:\/\/santoandremotores.com.br\/web\/\/wp-content\/uploads\/2016\/05\/construction01_about_us_background.png?id=24056) !important;background-position: center !important;background-repeat: no-repeat !important;background-size: cover !important;}&#8221;][vc_column css=&#8221;.vc_custom_1617216938351{background-position: center !important;background-repeat: no-repeat !important;background-size: cover !important;}&#8221;][vc_row_inner content_placement=&#8221;middle&#8221; css=&#8221;.vc_custom_1617211575860{background-position: center !important;background-repeat: no-repeat !important;background-size: cover !important;}&#8221;][vc_column_inner width=&#8221;1\/2&#8243;][vc_separator&#8230;<\/p>\n","protected":false},"author":1,"featured_media":0,"parent":0,"menu_order":0,"comment_status":"closed","ping_status":"closed","template":"page-templates\/home-page.php","meta":[],"_links":{"self":[{"href":"https:\/\/santoandremotores.com.br\/web\/wp-json\/wp\/v2\/pages\/6"}],"collection":[{"href":"https:\/\/santoandremotores.com.br\/web\/wp-json\/wp\/v2\/pages"}],"about":[{"href":"https:\/\/santoandremotores.com.br\/web\/wp-json\/wp\/v2\/types\/page"}],"author":[{"embeddable":true,"href":"https:\/\/santoandremotores.com.br\/web\/wp-json\/wp\/v2\/users\/1"}],"replies":[{"embeddable":true,"href":"https:\/\/santoandremotores.com.br\/web\/wp-json\/wp\/v2\/comments?post=6"}],"version-history":[{"count":154,"href":"https:\/\/santoandremotores.com.br\/web\/wp-json\/wp\/v2\/pages\/6\/revisions"}],"predecessor-version":[{"id":31944,"href":"https:\/\/santoandremotores.com.br\/web\/wp-json\/wp\/v2\/pages\/6\/revisions\/31944"}],"wp:attachment":[{"href":"https:\/\/santoandremotores.com.br\/web\/wp-json\/wp\/v2\/media?parent=6"}],"curies":[{"name":"wp","href":"https:\/\/api.w.org\/{rel}","templated":true}]}}