{"id":31728,"date":"2022-02-04T18:03:10","date_gmt":"2022-02-04T18:03:10","guid":{"rendered":"https:\/\/santoandremotores.com.br\/web\/?page_id=31728"},"modified":"2023-12-19T11:29:57","modified_gmt":"2023-12-19T11:29:57","slug":"empresa-que-realiza-a-troca-de-motores-eletricos-usados-em-sao-paulo","status":"publish","type":"page","link":"https:\/\/santoandremotores.com.br\/web\/empresa-que-realiza-a-troca-de-motores-eletricos-usados-em-sao-paulo\/","title":{"rendered":"Empresa que realiza a troca de motores el\u00e9tricos usados em S\u00e3o Paulo"},"content":{"rendered":"\n<p>Precisando de uma empresa que realiza a troca de motores el\u00e9tricos usados? A Santo Andr\u00e9 Motores tem a solu\u00e7\u00e3o!<\/p>\n\n\n\n<p>A <a href=\"https:\/\/santoandremotores.com.br\/web\/\">Santo Andr\u00e9 Motores<\/a> trabalha com a venda \u00e0 base de troca de motores el\u00e9tricos. A troca de um motor queimado \u00e9 realizado a Base-troca: a empresa faz a troca do motor por outro da mesma marca e pot\u00eancia pelo custo de um rebobinamento, utilizando o motor a pronta entrega.<\/p>\n\n\n\n<p>Na Santo Andr\u00e9 Motores todos os servi\u00e7os e componentes s\u00e3o vistoriados e refeitos, melhorando o desempenho. Investir em motores el\u00e9tricos da Santo Andr\u00e9 Motores cont\u00e9m um excelente custo-benef\u00edcio, podendo ser encontrado com pre\u00e7o at\u00e9 50% menor se comparado a um motor novo.<\/p>\n\n\n\n<p>Conte com a garantia Santo Andr\u00e9 Motores de 180 dias, e os melhores pre\u00e7os para que seus motores el\u00e9tricos usados tenham sempre a melhor qualidade. As vantagens de realizar a troca de motores el\u00e9tricos usados com a Santo Andr\u00e9<\/p>\n\n\n\n<p>Motores s\u00e3o:<\/p>\n\n\n\n<ul><li>Economia;<\/li><li>Menos manuten\u00e7\u00e3o;<\/li><li>Alta qualidade;<\/li><li>Alta efici\u00eancia;<\/li><li>Equipe de funcion\u00e1rios habilitados;<\/li><li>Experi\u00eancia no conserto de redutores, motoredutor e bombas;<\/li><li>Atendimento personalizado de seus motores el\u00e9tricos.<\/li><\/ul>\n\n\n\n<p>Especializada em <a rel=\"noreferrer noopener\" href=\"https:\/\/santoandremotores.com.br\/web\/motores-eletricos\/\" target=\"_blank\">motores el\u00e9trico<\/a>, a Santo Andr\u00e9 Motores ocupa um lugar de destaque no mercado, trabalhando com sinceridade, pensando sempre no melhor atendimento aos clientes, valorizando um grupo profissional altamente competente e alta qualidade em seus produtos.<\/p>\n\n\n\n<p>Se voc\u00ea n\u00e3o sabia onde encontrar uma <strong>empresa que realiza a troca de motores el\u00e9tricos usados em <strong><strong>S\u00e3o Paulo<\/strong><\/strong><\/strong>, agora j\u00e1 sabe! A Santo Andr\u00e9 motores \u00e9 o lugar ideal!<\/p>\n\n\n\n<p>A Santo Andr\u00e9 Motores est\u00e1 localizada em Santo Andr\u00e9 \u2013 SP, por\u00e9m atende outras regi\u00f5es como S\u00e3o Bernardo do Campo, S\u00e3o Caetano do Sul, Mau\u00e1, Diadema e o Grande ABC, tamb\u00e9m atende outras regi\u00f5es em todo Brasil.<\/p>\n\n\n\n<p>Para saber onde encontrar uma <strong>empresa que realiza a troca de motores el\u00e9tricos usados em S\u00e3o Paulo<\/strong>, ou sobre outros produtos entre em contato com a Santo Andr\u00e9 Motores atrav\u00e9s dos telefones (11) 4975- 9875 | (11) 4477-2800 ou nos nossos emails: vendas@santoandremotores.com.br | vendas2@santoandremotores.com.br<\/p>\n\n\n\n<div style=\"height:100px\" aria-hidden=\"true\" class=\"wp-block-spacer\"><\/div>\n","protected":false},"excerpt":{"rendered":"<p>Precisando de uma empresa que realiza a troca de motores el\u00e9tricos usados? A Santo Andr\u00e9 Motores tem a solu\u00e7\u00e3o! A Santo Andr\u00e9 Motores trabalha com a venda \u00e0 base de troca de&#8230;<\/p>\n","protected":false},"author":1,"featured_media":0,"parent":0,"menu_order":0,"comment_status":"closed","ping_status":"closed","template":"","meta":[],"_links":{"self":[{"href":"https:\/\/santoandremotores.com.br\/web\/wp-json\/wp\/v2\/pages\/31728"}],"collection":[{"href":"https:\/\/santoandremotores.com.br\/web\/wp-json\/wp\/v2\/pages"}],"about":[{"href":"https:\/\/santoandremotores.com.br\/web\/wp-json\/wp\/v2\/types\/page"}],"author":[{"embeddable":true,"href":"https:\/\/santoandremotores.com.br\/web\/wp-json\/wp\/v2\/users\/1"}],"replies":[{"embeddable":true,"href":"https:\/\/santoandremotores.com.br\/web\/wp-json\/wp\/v2\/comments?post=31728"}],"version-history":[{"count":2,"href":"https:\/\/santoandremotores.com.br\/web\/wp-json\/wp\/v2\/pages\/31728\/revisions"}],"predecessor-version":[{"id":31766,"href":"https:\/\/santoandremotores.com.br\/web\/wp-json\/wp\/v2\/pages\/31728\/revisions\/31766"}],"wp:attachment":[{"href":"https:\/\/santoandremotores.com.br\/web\/wp-json\/wp\/v2\/media?parent=31728"}],"curies":[{"name":"wp","href":"https:\/\/api.w.org\/{rel}","templated":true}]}}