{"id":31419,"date":"2021-03-31T19:18:51","date_gmt":"2021-03-31T19:18:51","guid":{"rendered":"https:\/\/santoandremotores.com.br\/web\/\/?page_id=31419"},"modified":"2024-06-19T17:51:32","modified_gmt":"2024-06-19T17:51:32","slug":"conserto-de-motores-eletricos","status":"publish","type":"page","link":"https:\/\/santoandremotores.com.br\/web\/conserto-de-motores-eletricos\/","title":{"rendered":"CONSERTO"},"content":{"rendered":"[vc_row][vc_column][vc_column_text]<\/p>\n\n<p>[\/vc_column_text][\/vc_column][\/vc_row][vc_row full_width=&#8221;stretch_row_content_no_spaces&#8221; css=&#8221;.vc_custom_1464176165727{margin-bottom: 0px !important;}&#8221;][vc_column offset=&#8221;vc_hidden-md vc_hidden-sm vc_hidden-xs&#8221;]<div class=\"clearboth\"><\/div><div class=\"gem-divider \" style=\"\"><\/div>[vc_row_inner css=&#8221;.vc_custom_1617219314688{background-image: url(https:\/\/santoandremotores.com.br\/web\/\/wp-content\/uploads\/2018\/10\/fundoconserto.jpg?id=30529) !important;background-position: center !important;background-repeat: no-repeat !important;background-size: cover !important;}&#8221;][vc_column_inner width=&#8221;1\/2&#8243;][vc_empty_space height=&#8221;72px&#8221;][vc_single_image image=&#8221;30563&#8243; img_size=&#8221;full&#8221;][vc_single_image image=&#8221;30534&#8243; img_size=&#8221;full&#8221;][vc_single_image image=&#8221;30536&#8243; img_size=&#8221;full&#8221;][\/vc_column_inner][vc_column_inner width=&#8221;1\/2&#8243; css=&#8221;.vc_custom_1718819485073{padding-right: 78px !important;padding-left: 78px !important;background-color: rgba(39,41,44,0.4) !important;*background-color: rgb(39,41,44) !important;}&#8221;]<div class=\"clearboth\"><\/div><div class=\"gem-divider \" style=\"margin-top: 100px;\"><\/div>[vc_column_text css_animation=&#8221;right-to-left&#8221;]<\/p>\n<h2 class=\"title-h2\" style=\"margin-bottom: 20px;\"><span style=\"color: #ffffff;\">CONSERTO<\/span><\/h2>\n<h2 style=\"width: 63px; height: 2px; background: #fbcf00; text-indent: 9999px;\">1<\/h2>\n<p>[\/vc_column_text]<div class=\"clearboth\"><\/div><div class=\"gem-divider \" style=\"margin-top: 65px;\"><\/div>[vc_column_text css_animation=&#8221;right-to-left&#8221;]<\/p>\n<p style=\"text-align: left;\"><span style=\"color: #ffffff;\">A Santo Andr\u00e9 Motores pode atender sua empresa com servi\u00e7os de Conserto de Motores El\u00e9tricos em todo o Brasil. Encontre Manuten\u00e7\u00e3o de Motores El\u00e9tricos em Santo Andr\u00e9-SP.<\/span><\/p>\n<p style=\"text-align: left;\"><span style=\"color: #ffffff;\">Consertamos seus motores el\u00e9tricos com qualidade, pre\u00e7o e um prazo de entrega diferenciado. Contamos com uma equipe de funcion\u00e1rios habilitados para consertar seu motor el\u00e9trico de 1\/2 \u00e0 1.000 HP.<\/span><\/p>\n<p style=\"text-align: left;\"><span style=\"color: #ffffff;\">Experi\u00eancia no rebobinamento de motores el\u00e9tricos, e conserto de redutores, motoredutor, bombas, bombas d\u00b4\u00e1gua entre outros.<\/span><\/p>\n<p style=\"text-align: left;\"><span style=\"color: #ffffff;\">Se tivermos o motor \u00e0 pronta entrega podemos fazer a Base-Troca trocando o seu motor queimado por outro da mesma pot\u00eancia e marca e pelo custo de um rebobinamento.<\/span><\/p>\n<p>[\/vc_column_text]<div class=\"clearboth\"><\/div><div class=\"gem-divider \" style=\"margin-top: 40px;\"><\/div><div class=\"clearboth\"><\/div><div class=\"gem-divider \" style=\"margin-top: 95px;\"><\/div>[\/vc_column_inner][\/vc_row_inner][\/vc_column][\/vc_row][vc_row][vc_column][vc_column_text]<\/p>\n\n\n<p>[\/vc_column_text][\/vc_column][\/vc_row][vc_row][vc_column][vc_column_text]<\/p>\n\n<p>[\/vc_column_text][\/vc_column][\/vc_row][vc_row full_width=&#8221;stretch_row_content_no_spaces&#8221; slider_content=&#8221;&#8221; css=&#8221;.vc_custom_1616077857400{margin-bottom: 0px !important;background-image: url(https:\/\/santoandremotores.com.br\/web\/\/wp-content\/uploads\/2016\/05\/construction01_about_us_background.png?id=24056) !important;background-position: center !important;background-repeat: no-repeat !important;background-size: cover !important;}&#8221;][vc_column width=&#8221;1\/2&#8243; offset=&#8221;vc_hidden-md vc_hidden-sm vc_hidden-xs&#8221;]<div class=\"clearboth\"><\/div><div class=\"gem-divider \" style=\"margin-top: 40px;\"><\/div>[vc_column_text css_animation=&#8221;left-to-right&#8221;]<\/p>\n<h3>A SANTO ANDR\u00c9 MOTORES PODE ATENDER SUA EMPRESA COM SERVI\u00c7OS DE CONSERTO DE MOTORES EL\u00c9TRICOS EM TODO O BRASIL.<\/h3>\n<div style=\"width: 63px; height: 2px; background: #fbcf00; text-indent: 9999px;\">1<\/div>\n<p>[\/vc_column_text]<div class=\"clearboth\"><\/div><div class=\"gem-divider \" style=\"margin-top: 40px;\"><\/div>[vc_column_text css_animation=&#8221;left-to-right&#8221;]<\/p>\n<div class=\"wpb_text_column wpb_content_element wpb_animate_when_almost_visible wpb_left-to-right left-to-right wpb_start_animation animated\">\n<div class=\"wpb_wrapper\">\n<div class=\"wpb_text_column wpb_content_element  wpb_animate_when_almost_visible wpb_left-to-right left-to-right wpb_start_animation animated\">\n<div class=\"wpb_wrapper\">\n<p>Conte com a garantia Santo Andr\u00e9 Motores de 180 dias, e os melhores pre\u00e7os e condi\u00e7\u00f5es de pagamento do mercado!<\/p>\n<\/div>\n<\/div>\n<div class=\"clearboth\">&nbsp;<\/div>\n<\/div>\n<\/div>\n<div class=\"clearboth\">&nbsp;<\/div>\n<p>[\/vc_column_text][\/vc_column][vc_column width=&#8221;1\/2&#8243;][vc_single_image image=&#8221;31425&#8243; img_size=&#8221;full&#8221;][\/vc_column][\/vc_row][vc_row disable_element=&#8221;yes&#8221; slider_content=&#8221;&#8221;][vc_column][vc_column_text]<\/p>\n\n\n<p>[\/vc_column_text][\/vc_column][\/vc_row][vc_row full_width=&#8221;stretch_row_content_no_spaces&#8221; css=&#8221;.vc_custom_1464176165727{margin-bottom: 0px !important;}&#8221;][vc_column offset=&#8221;vc_hidden-lg&#8221;][vc_row_inner css=&#8221;.vc_custom_1523108058128{background-position: center !important;background-repeat: no-repeat !important;background-size: cover !important;}&#8221;][vc_column_inner css=&#8221;.vc_custom_1523108104260{padding-right: 20px !important;padding-left: 20px !important;background-color: rgba(39,41,44,0.4) !important;*background-color: rgb(39,41,44) !important;}&#8221;][vc_column_text css_animation=&#8221;right-to-left&#8221;]\n<h1 class=\"title-h2\" style=\"margin-bottom: 20px;\"><span style=\"color: #ffffff;\">MOTOR EL\u00c9TRICO<\/span><\/h1>\n<div style=\"width: 63px; height: 2px; background: #fbcf00; text-indent: 9999px;\">1<\/div>\n[\/vc_column_text]<div class=\"clearboth\"><\/div><div class=\"gem-divider \" style=\"margin-top: 65px;\"><\/div>[vc_column_text css_animation=&#8221;right-to-left&#8221;]\n<p style=\"text-align: justify;\"><span style=\"color: #ffffff;\">Temos o maior estoque do Brasil, com grande variedade de marcas, tamanhos e modelos de MOTORES EL\u00c9TRICOS USADOS e RECONDICIONADOS: Weg, GE, Eberle, Siemens, Arno, B\u00fafalo entre outros&#8230;<\/span><\/p>\n<p style=\"text-align: justify;\"><span style=\"color: #ffffff;\">Excelente rela\u00e7\u00e3o de custo-benef\u00edcio comparado a um motor novo e com garantia de 180 dias.<\/span><\/p>\n<p style=\"text-align: justify;\"><span style=\"color: #ffffff;\">Trabalhamos com os melhores produtos para que o seu motor tenha sempre a melhor qualidade.<\/span><\/p>\n[\/vc_column_text]<div class=\"clearboth\"><\/div><div class=\"gem-divider \" style=\"margin-top: 40px;\"><\/div><div class=\"clearboth\"><\/div><div class=\"gem-divider \" style=\"margin-top: 95px;\"><\/div>[\/vc_column_inner][\/vc_row_inner][\/vc_column][\/vc_row][vc_row full_width=&#8221;stretch_row&#8221; css=&#8221;.vc_custom_1464604004533{margin-bottom: 0px !important;background-image: url(https:\/\/santoandremotores.com.br\/web\/\/wp-content\/uploads\/2016\/05\/construction01_about_us_background.png?id=24056) !important;background-position: center !important;background-repeat: no-repeat !important;background-size: cover !important;}&#8221;][vc_column offset=&#8221;vc_hidden-lg&#8221;]<div class=\"clearboth\"><\/div><div class=\"gem-divider \" style=\"margin-top: 40px;\"><\/div>[\/vc_column][vc_column width=&#8221;1\/2&#8243; offset=&#8221;vc_hidden-lg&#8221;][vc_column_text css_animation=&#8221;left-to-right&#8221;]\n<div class=\"title-h2\" style=\"margin-bottom: 20px;\"><span style=\"color: #2c2c2c;\">Especifica\u00e7\u00f5es T\u00e9cnica do Motor El\u00e9trico<\/span><\/div>\n<div style=\"width: 63px; height: 2px; background: #fbcf00; text-indent: 9999px;\">1<\/div>\n[\/vc_column_text]<div class=\"clearboth\"><\/div><div class=\"gem-divider \" style=\"margin-top: 60px;\"><\/div>[vc_column_text css_animation=&#8221;left-to-right&#8221;]<span style=\"color: #8d8d8d;\"><p style=\"text-align: justify;\">Possu\u00edmos o maior estoque do Brasil. Trabalhamos com seriedade, pensando sempre no melhor atendimento aos nossos clientes. Ocupamos um lugar de destaque no mercado, valorizado por um grupo profissional altamente competente, alta qualidade em produtos e com pre\u00e7os competitivos.<\/p><\/span>[\/vc_column_text][\/vc_column][vc_column width=&#8221;1\/2&#8243; offset=&#8221;vc_col-lg-offset-0 vc_hidden-lg vc_col-md-offset-0 vc_col-sm-offset-0&#8243;]<div class=\"gem-list gem-list-type-square gem-list-color-4\"><ul>\n<li>Grau de prote\u00e7\u00e3o: IP54;<\/li>\n<li>Frequ\u00eancia: 60 Hz \/ 50 Hz;<\/li>\n<li>Modelo standard;<\/li>\n<li>Classe de isolamento \u201cF\u201d \/ \u2018\u2019B\u2019\u2019;<\/li>\n<li>Pot\u00eancia: 0,16 a 700 cv;<\/li>\n<li>Polaridade: 2 p\u00f3los (3500 rpm), 4 p\u00f3los (1750 rpm), 6 p\u00f3los (1100 rpm) e 8 p\u00f3los (860 rpm), 10 p\u00f3los (700 rpm), 12 p\u00f3los (590 rpm) 14 p\u00f3los (515), 16 p\u00f3los (450 rpm);<\/li>\n<li>Tens\u00e3o: 220\/380 (06 fios de sa\u00edda) \/ 380\/660 (06 fios de sa\u00edda) \/ 440\/760 (06 fios de sa\u00edda) \/ 220\/440 (09 fios de sa\u00edda) \/ 220\/380\/440\/760 (12 fios de sa\u00edda);<\/li>\n<li>Carca\u00e7as: 63 a HGF 450;<\/li>\n<li>Cor: Azul RAL 5009.<\/li>\n<\/ul>\n<\/div>[\/vc_column][\/vc_row][vc_row disable_element=&#8221;yes&#8221; slider_content=&#8221;&#8221;][vc_column][vc_column_text]\n<!-- \/wp:shortcode -->\n\n<p>[\/vc_column_text][\/vc_column][\/vc_row]","protected":false},"excerpt":{"rendered":"<p>[vc_row][vc_column][vc_column_text] [\/vc_column_text][\/vc_column][\/vc_row][vc_row][vc_column][vc_column_text] [\/vc_column_text][\/vc_column][\/vc_row][vc_row full_width=&#8221;stretch_row_content_no_spaces&#8221; css=&#8221;.vc_custom_1464176165727{margin-bottom: 0px !important;}&#8221;][vc_column offset=&#8221;vc_hidden-lg&#8221;][vc_row_inner css=&#8221;.vc_custom_1523108058128{background-position: center !important;background-repeat: no-repeat !important;background-size: cover !important;}&#8221;][vc_column_inner css=&#8221;.vc_custom_1523108104260{padding-right: 20px !important;padding-left: 20px !important;background-color: rgba(39,41,44,0.4) !important;*background-color: rgb(39,41,44) !important;}&#8221;][vc_column_text css_animation=&#8221;right-to-left&#8221;] MOTOR EL\u00c9TRICO 1 [\/vc_column_text][vc_column_text css_animation=&#8221;right-to-left&#8221;] Temos o&#8230;<\/p>\n","protected":false},"author":1,"featured_media":0,"parent":0,"menu_order":0,"comment_status":"closed","ping_status":"closed","template":"","meta":[],"_links":{"self":[{"href":"https:\/\/santoandremotores.com.br\/web\/wp-json\/wp\/v2\/pages\/31419"}],"collection":[{"href":"https:\/\/santoandremotores.com.br\/web\/wp-json\/wp\/v2\/pages"}],"about":[{"href":"https:\/\/santoandremotores.com.br\/web\/wp-json\/wp\/v2\/types\/page"}],"author":[{"embeddable":true,"href":"https:\/\/santoandremotores.com.br\/web\/wp-json\/wp\/v2\/users\/1"}],"replies":[{"embeddable":true,"href":"https:\/\/santoandremotores.com.br\/web\/wp-json\/wp\/v2\/comments?post=31419"}],"version-history":[{"count":11,"href":"https:\/\/santoandremotores.com.br\/web\/wp-json\/wp\/v2\/pages\/31419\/revisions"}],"predecessor-version":[{"id":31805,"href":"https:\/\/santoandremotores.com.br\/web\/wp-json\/wp\/v2\/pages\/31419\/revisions\/31805"}],"wp:attachment":[{"href":"https:\/\/santoandremotores.com.br\/web\/wp-json\/wp\/v2\/media?parent=31419"}],"curies":[{"name":"wp","href":"https:\/\/api.w.org\/{rel}","templated":true}]}}