{"id":30738,"date":"2019-03-20T12:09:49","date_gmt":"2019-03-20T12:09:49","guid":{"rendered":"https:\/\/santoandremotores.com.br\/web\/\/?page_id=30738"},"modified":"2021-04-20T12:34:29","modified_gmt":"2021-04-20T12:34:29","slug":"motores-eletricos","status":"publish","type":"page","link":"https:\/\/santoandremotores.com.br\/web\/motores-eletricos\/","title":{"rendered":"Motores El\u00e9tricos"},"content":{"rendered":"<p>[vc_row full_width=&#8221;stretch_row_content_no_spaces&#8221; css=&#8221;.vc_custom_1553085733715{margin-top: -135px !important;margin-bottom: 0px !important;padding-top: 0px !important;}&#8221;][vc_column offset=&#8221;vc_hidden-md vc_hidden-sm vc_hidden-xs&#8221;][vc_row_inner css=&#8221;.vc_custom_1553085588926{margin-top: 0px !important;padding-top: 0px !important;background-image: url(https:\/\/santoandremotores.com.br\/web\/\/wp-content\/uploads\/2019\/01\/Motores-el\u00e9tricos-usados-em-Diadema.png?id=30668) !important;background-position: center !important;background-repeat: no-repeat !important;background-size: cover !important;}&#8221;][vc_column_inner width=&#8221;1\/2&#8243;][\/vc_column_inner][vc_column_inner width=&#8221;1\/2&#8243; css=&#8221;.vc_custom_1523107734455{padding-left: 78px !important;background-color: rgba(39,41,44,0.4) !important;*background-color: rgb(39,41,44) !important;}&#8221;]<div class=\"clearboth\"><\/div><div class=\"gem-divider \" style=\"margin-top: 100px;\"><\/div>[vc_column_text css_animation=&#8221;right-to-left&#8221;]<\/p>\n<div class=\"title-h2\" style=\"margin-bottom: 20px;\"><span style=\"color: #ffffff;\">Motores El\u00e9tricos<\/span><\/div>\n<div style=\"width: 63px; height: 2px; background: #fbcf00; text-indent: 9999px;\">1<\/div>\n<p>[\/vc_column_text]<div class=\"clearboth\"><\/div><div class=\"gem-divider \" style=\"margin-top: 65px;\"><\/div>[vc_column_text css_animation=&#8221;right-to-left&#8221; css=&#8221;.vc_custom_1553083144759{padding-right: 30px !important;}&#8221;]<span style=\"color: #ffffff;\">A Santo Andr\u00e9 Motores \u00e9 o lugar ideal para quem procura por <strong><b>Motores el\u00e9tricos<\/b><\/strong>, pois trabalha com um \u00edndice variado de <strong><b>Motores el\u00e9tricos <\/b><\/strong>de qualidade e melhor pre\u00e7o no mercado.<\/span><\/p>\n<p><span style=\"color: #ffffff;\"><strong><b>O Motor el\u00e9trico<\/b><\/strong>&nbsp;\u00e9 usado para diversas aplica\u00e7\u00f5es, e possui a mesma fun\u00e7\u00e3o de um motor novo.<\/span><\/p>\n<p><span style=\"color: #ffffff;\">Com o maior estoque de <strong><b>Motores el\u00e9tricos<\/b><\/strong>&nbsp;do Brasil, a empresa oferece o pre\u00e7o de at\u00e9 50% menor e a garantia de 180 dias dos <strong><b>Motores el\u00e9tricos,<\/b><\/strong>&nbsp;al\u00e9m do servi\u00e7o de entrega para qualquer lugar do pa\u00eds.<\/span>[\/vc_column_text]<div class=\"clearboth\"><\/div><div class=\"gem-divider \" style=\"margin-top: 40px;\"><\/div><div class=\"clearboth\"><\/div><div class=\"gem-divider \" style=\"margin-top: 95px;\"><\/div>[\/vc_column_inner][\/vc_row_inner][\/vc_column][\/vc_row][vc_row full_width=&#8221;stretch_row_content_no_spaces&#8221; css=&#8221;.vc_custom_1464176165727{margin-bottom: 0px !important;}&#8221;][vc_column offset=&#8221;vc_hidden-lg&#8221;][vc_row_inner css=&#8221;.vc_custom_1547642368987{background-image: url(https:\/\/santoandremotores.com.br\/web\/\/wp-content\/uploads\/2019\/01\/Motores-el\u00e9tricos-usados-em-Diadema.png?id=30668) !important;background-position: center !important;background-repeat: no-repeat !important;background-size: cover !important;}&#8221;][vc_column_inner css=&#8221;.vc_custom_1523108104260{padding-right: 20px !important;padding-left: 20px !important;background-color: rgba(39,41,44,0.4) !important;*background-color: rgb(39,41,44) !important;}&#8221;][vc_column_text css_animation=&#8221;right-to-left&#8221;]<\/p>\n<div class=\"title-h2\" style=\"margin-bottom: 20px;\"><span style=\"color: #ffffff;\">Motores El\u00e9tricos<\/span><\/div>\n<div style=\"width: 63px; height: 2px; background: #fbcf00; text-indent: 9999px;\">1<\/div>\n<p>[\/vc_column_text]<div class=\"clearboth\"><\/div><div class=\"gem-divider \" style=\"margin-top: 65px;\"><\/div>[vc_column_text css_animation=&#8221;right-to-left&#8221;]<\/p>\n<p style=\"text-align: left;\"><span style=\"color: #ffffff;\">Temos o maior estoque do Brasil, com grande variedade de marcas, tamanhos e modelos de motores el\u00e9tricos USADOS e RECONDICIONADOS: Weg, GE, Eberle, Siemens, Arno, B\u00fafalo entre outros&#8230;<\/span><\/p>\n<p style=\"text-align: left;\"><span style=\"color: #ffffff;\">Excelente rela\u00e7\u00e3o de custo-benef\u00edcio comparado a um motor novo e com garantia de 180 dias.<\/span><\/p>\n<p style=\"text-align: left;\"><span style=\"color: #ffffff;\">Trabalhamos com os melhores produtos para que o seu motor tenha sempre a melhor qualidade.<\/span><\/p>\n<p>[\/vc_column_text]<div class=\"clearboth\"><\/div><div class=\"gem-divider \" style=\"margin-top: 40px;\"><\/div><div class=\"clearboth\"><\/div><div class=\"gem-divider \" style=\"margin-top: 95px;\"><\/div>[\/vc_column_inner][\/vc_row_inner][\/vc_column][\/vc_row][vc_row full_width=&#8221;stretch_row&#8221; css=&#8221;.vc_custom_1547643172825{margin-bottom: 0px !important;background-image: url(https:\/\/santoandremotores.com.br\/web\/\/wp-content\/uploads\/2019\/01\/Motores-el\u00e9tricos-usados-em-Diadema-1.png?id=30700) !important;background-position: center !important;background-repeat: no-repeat !important;background-size: cover !important;}&#8221;][vc_column offset=&#8221;vc_hidden-md vc_hidden-sm vc_hidden-xs&#8221;]<div class=\"clearboth\"><\/div><div class=\"gem-divider \" style=\"margin-top: 40px;\"><\/div>[vc_column_text css_animation=&#8221;left-to-right&#8221;]<\/p>\n<div style=\"width: 63px; height: 2px; background: #fbcf00; text-indent: 9999px;\">1<\/div>\n<p>[\/vc_column_text][\/vc_column][vc_column width=&#8221;1\/2&#8243; offset=&#8221;vc_hidden-md vc_hidden-sm vc_hidden-xs&#8221;][vc_column_text css_animation=&#8221;left-to-right&#8221;]As vantagens dos&nbsp;<strong><b>Motores el\u00e9tricos <\/b><\/strong>da Santo Andr\u00e9 Motores s\u00e3o:[\/vc_column_text]<div class=\"gem-list gem-list-type-square gem-list-color-4\"><ul style=\"text-align: left;\">\n<li>Economia;<\/li>\n<li>Menos manuten\u00e7\u00e3o;<\/li>\n<li>Alta qualidade;<\/li>\n<li>Alta efici\u00eancia;<\/li>\n<li>Equipe de funcion\u00e1rios habilitados;<\/li>\n<li>Experi\u00eancia no conserto de redutores, motoredutor e bombas;<\/li>\n<li>Atendimento personalizado de seus <strong><b>Motores el\u00e9tricos<\/b><\/strong>.<\/li>\n<\/ul>\n<\/div>[\/vc_column][vc_column width=&#8221;1\/2&#8243; offset=&#8221;vc_col-lg-offset-0 vc_col-md-offset-0 vc_hidden-md vc_col-sm-offset-0 vc_hidden-sm vc_hidden-xs&#8221;][vc_column_text]Desde 2001 a Santo Andr\u00e9 Motores se destaca no ramo de <strong><b>Motores el\u00e9tricos<\/b><\/strong>, Motores el\u00e9tricos em trif\u00e1sicos, redutores de velocidade, tamb\u00e9m oferece a sua experi\u00eancia para o servi\u00e7os de consertos e manuten\u00e7\u00e3o em todo o Brasil. Caso necess\u00e1rio a troca de um motor queimado, \u00e9 realizado a Base-troca, a empresa faz a troca do motor por outro da mesma marca e pot\u00eancia e pelo custo de um rebobinamento, utilizando o motor a pronta entrega.<\/p>\n<p>Utilizar os <strong><b>Motores el\u00e9tricos <\/b><\/strong>da Santo Andr\u00e9 Motores \u00e9 garantia de qualidade! A empresa trabalha com os melhores produtos&nbsp;e um excelente custo benef\u00edcio.<\/p>\n<p>Especializada em <strong><b>Motores el\u00e9tricos<\/b><\/strong>, ocupa um lugar de destaque no mercado, trabalhando com sinceridade, pensando sempre no melhor atendimento aos nossos clientes, valorizando um grupo profissional altamente competente e alta qualidade em seus produtos.<\/p>\n<p>A Santo Andr\u00e9 Motores&nbsp;est\u00e1 localizada em <a href=\"https:\/\/santoandremotores.com.br\/web\/\/motores-eletricos-em-santo-andre\/\">S\u00e3o Paulo<\/a>,&nbsp;por\u00e9m atende outras regi\u00f5es como <a href=\"https:\/\/santoandremotores.com.br\/web\/\/motores-eletricos-em-sao-bernardo-do-campo\/\">S\u00e3o Bernardo do Campo<\/a>, <a href=\"https:\/\/santoandremotores.com.br\/web\/\/motores-eletricos-em-sao-caetano-do-sul\/\">S\u00e3o Caetano do Sul<\/a>, Mau\u00e1, Diadema e o Grande ABC. Para saber mais sobre <strong><b>Motores el\u00e9tricos <\/b><\/strong>entre&nbsp;em contato atrav\u00e9s dos telefones&nbsp;(11) 4975-9875 | (11) 4477-2800&nbsp;ou nos nossos&nbsp;emails:&nbsp;<a href=\"mailto:vendas@santoandremotores.com.br\">vendas@santoandremotores.com.br<\/a>&nbsp;| vendas2@santoandremotores.com.br[\/vc_column_text][\/vc_column][\/vc_row][vc_row full_width=&#8221;stretch_row&#8221; css=&#8221;.vc_custom_1547643188215{margin-bottom: 0px !important;background-image: url(https:\/\/santoandremotores.com.br\/web\/\/wp-content\/uploads\/2019\/01\/Motores-el\u00e9tricos-usados-em-Diadema-1.png?id=30700) !important;background-position: center !important;background-repeat: no-repeat !important;background-size: cover !important;}&#8221;][vc_column offset=&#8221;vc_hidden-lg&#8221;]<div class=\"clearboth\"><\/div><div class=\"gem-divider \" style=\"margin-top: 40px;\"><\/div>[\/vc_column][vc_column width=&#8221;1\/2&#8243; offset=&#8221;vc_hidden-lg&#8221;][vc_column_text css_animation=&#8221;left-to-right&#8221;]<\/p>\n<div class=\"title-h2\" style=\"margin-bottom: 20px;\"><span style=\"color: #2c2c2c;\">Conte com a garantia Santo Andr\u00e9 Motores de 180 dias, e os melhores pre\u00e7os para que seus motores el\u00e9tricos usados tenha sempre a melhor qualidade.<\/span><\/div>\n<div style=\"width: 63px; height: 2px; background: #fbcf00; text-indent: 9999px;\">1<\/div>\n<p>[\/vc_column_text]<div class=\"clearboth\"><\/div><div class=\"gem-divider \" style=\"margin-top: 60px;\"><\/div>[vc_column_text css_animation=&#8221;left-to-right&#8221;]<\/p>\n<p style=\"text-align: left;\"><span style=\"color: #8d8d8d;\">Trabalhamos com seriedade, pensando sempre no melhor atendimento aos nossos clientes. Ocupamos um lugar de destaque no mercado, valorizando a alta qualidade em produtos e pre\u00e7os competitivos. Temos o maior estoque do Brasil de motores el\u00e9tricos usados, recondicionados e semi novos, com grande variedade de marcas, tamanhos e modelos de motores el\u00e9tricos usados e recondicionados como:<\/span><\/p>\n<p>[\/vc_column_text]<div class=\"gem-list gem-list-type-square gem-list-color-4\"><ul style=\"text-align: left;\">\n<li>Economia;<\/li>\n<li>Menos manuten\u00e7\u00e3o;<\/li>\n<li>Alta qualidade;<\/li>\n<li>Alta efici\u00eancia;<\/li>\n<li>Equipe de funcion\u00e1rios habilitados;<\/li>\n<li>Experi\u00eancia no conserto de redutores, motoredutor e bombas;<\/li>\n<li>Atendimento personalizado de seus <strong><b>Motores el\u00e9tricos<\/b><\/strong>.<\/li>\n<\/ul>\n<\/div>[\/vc_column][vc_column width=&#8221;1\/2&#8243; offset=&#8221;vc_col-lg-offset-0 vc_hidden-lg vc_col-md-offset-0 vc_col-sm-offset-0&#8243;][vc_column_text]Desde 2001 a Santo Andr\u00e9 Motores se destaca no ramo de <strong><b>Motores el\u00e9tricos<\/b><\/strong>, Motores el\u00e9tricos em trif\u00e1sicos, redutores de velocidade, tamb\u00e9m oferece a sua experi\u00eancia para o servi\u00e7os de consertos e manuten\u00e7\u00e3o em todo o Brasil. Caso necess\u00e1rio a troca de um motor queimado, \u00e9 realizado a Base-troca, a empresa faz a troca do motor por outro da mesma marca e pot\u00eancia e pelo custo de um rebobinamento, utilizando o motor a pronta entrega.<\/p>\n<p>Utilizar os <strong><b>Motores el\u00e9tricos <\/b><\/strong>da Santo Andr\u00e9 Motores \u00e9 garantia de qualidade! A empresa trabalha com os melhores produtos&nbsp;e um excelente custo benef\u00edcio.<\/p>\n<p>Especializada em <strong><b>Motores el\u00e9tricos<\/b><\/strong>, ocupa um lugar de destaque no mercado, trabalhando com sinceridade, pensando sempre no melhor atendimento aos nossos clientes, valorizando um grupo profissional altamente competente e alta qualidade em seus produtos.<\/p>\n<p>A Santo Andr\u00e9 Motores&nbsp;est\u00e1 localizada em S\u00e3o Paulo,&nbsp;por\u00e9m atende outras regi\u00f5es como S\u00e3o Bernardo do Campo, S\u00e3o Caetano do Sul, Mau\u00e1, Diadema e o Grande ABC. Para saber mais sobre <strong><b>Motores el\u00e9tricos <\/b><\/strong>entre&nbsp;em contato atrav\u00e9s dos telefones&nbsp;(11) 4975-9875 | (11) 4477-2800&nbsp;ou nos nossos&nbsp;emails:&nbsp;<a href=\"mailto:vendas@santoandremotores.com.br\">vendas@santoandremotores.com.br<\/a>&nbsp;| vendas2@santoandremotores.com.br[\/vc_column_text][\/vc_column][\/vc_row]<\/p>\n","protected":false},"excerpt":{"rendered":"<p>[vc_row full_width=&#8221;stretch_row_content_no_spaces&#8221; css=&#8221;.vc_custom_1553085733715{margin-top: -135px !important;margin-bottom: 0px !important;padding-top: 0px !important;}&#8221;][vc_column offset=&#8221;vc_hidden-md vc_hidden-sm vc_hidden-xs&#8221;][vc_row_inner css=&#8221;.vc_custom_1553085588926{margin-top: 0px !important;padding-top: 0px !important;background-image: url(https:\/\/santoandremotores.com.br\/web\/\/wp-content\/uploads\/2019\/01\/Motores-el\u00e9tricos-usados-em-Diadema.png?id=30668) !important;background-position: center !important;background-repeat: no-repeat !important;background-size: cover !important;}&#8221;][vc_column_inner width=&#8221;1\/2&#8243;][\/vc_column_inner][vc_column_inner width=&#8221;1\/2&#8243; css=&#8221;.vc_custom_1523107734455{padding-left: 78px !important;background-color: rgba(39,41,44,0.4) !important;*background-color:&#8230;<\/p>\n","protected":false},"author":1,"featured_media":0,"parent":0,"menu_order":0,"comment_status":"closed","ping_status":"closed","template":"","meta":[],"_links":{"self":[{"href":"https:\/\/santoandremotores.com.br\/web\/wp-json\/wp\/v2\/pages\/30738"}],"collection":[{"href":"https:\/\/santoandremotores.com.br\/web\/wp-json\/wp\/v2\/pages"}],"about":[{"href":"https:\/\/santoandremotores.com.br\/web\/wp-json\/wp\/v2\/types\/page"}],"author":[{"embeddable":true,"href":"https:\/\/santoandremotores.com.br\/web\/wp-json\/wp\/v2\/users\/1"}],"replies":[{"embeddable":true,"href":"https:\/\/santoandremotores.com.br\/web\/wp-json\/wp\/v2\/comments?post=30738"}],"version-history":[{"count":12,"href":"https:\/\/santoandremotores.com.br\/web\/wp-json\/wp\/v2\/pages\/30738\/revisions"}],"predecessor-version":[{"id":31550,"href":"https:\/\/santoandremotores.com.br\/web\/wp-json\/wp\/v2\/pages\/30738\/revisions\/31550"}],"wp:attachment":[{"href":"https:\/\/santoandremotores.com.br\/web\/wp-json\/wp\/v2\/media?parent=30738"}],"curies":[{"name":"wp","href":"https:\/\/api.w.org\/{rel}","templated":true}]}}