{"id":30632,"date":"2019-01-16T11:58:31","date_gmt":"2019-01-16T11:58:31","guid":{"rendered":"https:\/\/santoandremotores.com.br\/web\/\/?page_id=30632"},"modified":"2021-04-20T12:58:53","modified_gmt":"2021-04-20T12:58:53","slug":"motores-eletricos-usados-em-sao-paulo","status":"publish","type":"page","link":"https:\/\/santoandremotores.com.br\/web\/motores-eletricos-usados-em-sao-paulo\/","title":{"rendered":"Motores el\u00e9tricos usados em S\u00e3o Paulo"},"content":{"rendered":"<p>[vc_row full_width=&#8221;stretch_row_content_no_spaces&#8221; css=&#8221;.vc_custom_1464176165727{margin-bottom: 0px !important;}&#8221;][vc_column offset=&#8221;vc_hidden-md vc_hidden-sm vc_hidden-xs&#8221;][vc_row_inner css=&#8221;.vc_custom_1547642445811{background-image: url(https:\/\/santoandremotores.com.br\/web\/\/wp-content\/uploads\/2019\/01\/Motores-el\u00e9tricos-usados-em-S\u00e3o-Paulo.png?id=30673) !important;background-position: center !important;background-repeat: no-repeat !important;background-size: cover !important;}&#8221;][vc_column_inner width=&#8221;1\/2&#8243;][\/vc_column_inner][vc_column_inner width=&#8221;1\/2&#8243; css=&#8221;.vc_custom_1523107734455{padding-left: 78px !important;background-color: rgba(39,41,44,0.4) !important;*background-color: rgb(39,41,44) !important;}&#8221;]<div class=\"clearboth\"><\/div><div class=\"gem-divider \" style=\"margin-top: 100px;\"><\/div>[vc_column_text css_animation=&#8221;right-to-left&#8221;]<\/p>\n<div class=\"title-h2\" style=\"margin-bottom: 20px;\"><span style=\"color: #ffffff;\">Motores el\u00e9tricos usados em S\u00e3o Paulo<\/span><\/div>\n<div style=\"width: 63px; height: 2px; background: #fbcf00; text-indent: 9999px;\">1<\/div>\n<p>[\/vc_column_text]<div class=\"clearboth\"><\/div><div class=\"gem-divider \" style=\"margin-top: 65px;\"><\/div>[vc_column_text css_animation=&#8221;right-to-left&#8221; css=&#8221;.vc_custom_1547742713262{padding-right: 30px !important;}&#8221;]<\/p>\n<p style=\"text-align: justify;\"><span style=\"color: #ffffff;\">A Santo Andr\u00e9 Motores ocupa um lugar de destaque no mercado de motores el\u00e9tricos usados, especificamente em motores el\u00e9tricos trif\u00e1sicos e redutores de velocidade.<\/span><\/p>\n<p style=\"text-align: justify;\"><span style=\"color: #ffffff;\">Valorizado por um grupo profissional altamente competente de alta qualidade nos produtos e com pre\u00e7os competitivos, trabalhamos com compra, venda, troca e rebobinamento de motores el\u00e9tricos usados em todo o territ\u00f3rio nacional.<\/span><\/p>\n<p style=\"text-align: justify;\"><span style=\"color: #ffffff;\">Estamos inseridos no mercado comercializando produtos da mais alta qualidade e prestando servi\u00e7os de manuten\u00e7\u00e3o para os mais variados segmentos da ind\u00fastria, tudo com a garantia Santo Andr\u00e9 Motores.<\/span><\/p>\n<p>[\/vc_column_text]<div class=\"clearboth\"><\/div><div class=\"gem-divider \" style=\"margin-top: 40px;\"><\/div><div class=\"clearboth\"><\/div><div class=\"gem-divider \" style=\"margin-top: 95px;\"><\/div>[\/vc_column_inner][\/vc_row_inner][\/vc_column][\/vc_row][vc_row full_width=&#8221;stretch_row_content_no_spaces&#8221; css=&#8221;.vc_custom_1464176165727{margin-bottom: 0px !important;}&#8221;][vc_column offset=&#8221;vc_hidden-lg&#8221;][vc_row_inner css=&#8221;.vc_custom_1547642462133{background-image: url(https:\/\/santoandremotores.com.br\/web\/\/wp-content\/uploads\/2019\/01\/Motores-el\u00e9tricos-usados-em-S\u00e3o-Paulo.png?id=30673) !important;background-position: center !important;background-repeat: no-repeat !important;background-size: cover !important;}&#8221;][vc_column_inner css=&#8221;.vc_custom_1523108104260{padding-right: 20px !important;padding-left: 20px !important;background-color: rgba(39,41,44,0.4) !important;*background-color: rgb(39,41,44) !important;}&#8221;][vc_column_text css_animation=&#8221;right-to-left&#8221;]<\/p>\n<div class=\"title-h2\" style=\"margin-bottom: 20px;\"><span style=\"color: #ffffff;\">motores el\u00e9tricos usados em Santo Andr\u00e9<\/span><\/div>\n<div style=\"width: 63px; height: 2px; background: #fbcf00; text-indent: 9999px;\">1<\/div>\n<p>[\/vc_column_text]<div class=\"clearboth\"><\/div><div class=\"gem-divider \" style=\"margin-top: 65px;\"><\/div>[vc_column_text css_animation=&#8221;right-to-left&#8221;]<\/p>\n<p style=\"text-align: left;\"><span style=\"color: #ffffff;\">Temos o maior estoque do Brasil, com grande variedade de marcas, tamanhos e modelos de motores el\u00e9tricos USADOS e RECONDICIONADOS: Weg, GE, Eberle, Siemens, Arno, B\u00fafalo entre outros&#8230;<\/span><\/p>\n<p style=\"text-align: left;\"><span style=\"color: #ffffff;\">Excelente rela\u00e7\u00e3o de custo-benef\u00edcio comparado a um motor novo e com garantia de 180 dias.<\/span><\/p>\n<p style=\"text-align: left;\"><span style=\"color: #ffffff;\">Trabalhamos com os melhores produtos para que o seu motor tenha sempre a melhor qualidade.<\/span><\/p>\n<p>[\/vc_column_text]<div class=\"clearboth\"><\/div><div class=\"gem-divider \" style=\"margin-top: 40px;\"><\/div><div class=\"clearboth\"><\/div><div class=\"gem-divider \" style=\"margin-top: 95px;\"><\/div>[\/vc_column_inner][\/vc_row_inner][\/vc_column][\/vc_row][vc_row full_width=&#8221;stretch_row&#8221; css=&#8221;.vc_custom_1547643273545{margin-bottom: 0px !important;background-image: url(https:\/\/santoandremotores.com.br\/web\/\/wp-content\/uploads\/2019\/01\/Motores-el\u00e9tricos-usados-em-S\u00e3o-Paulo-1.png?id=30704) !important;background-position: center !important;background-repeat: no-repeat !important;background-size: cover !important;}&#8221;][vc_column offset=&#8221;vc_hidden-md vc_hidden-sm vc_hidden-xs&#8221;]<div class=\"clearboth\"><\/div><div class=\"gem-divider \" style=\"margin-top: 40px;\"><\/div>[vc_column_text css_animation=&#8221;left-to-right&#8221;]<\/p>\n<div class=\"title-h5\" style=\"margin-bottom: 20px;\"><span style=\"color: #2c2c2c;\">Conte com a garantia Santo Andr\u00e9 Motores de 180 dias, e os melhores pre\u00e7os para que seus motores el\u00e9tricos usados tenha sempre a melhor qualidade.<\/span><\/div>\n<div style=\"width: 63px; height: 2px; background: #fbcf00; text-indent: 9999px;\">1<\/div>\n<p>[\/vc_column_text][\/vc_column][vc_column width=&#8221;1\/2&#8243; offset=&#8221;vc_hidden-md vc_hidden-sm vc_hidden-xs&#8221;][vc_column_text css_animation=&#8221;left-to-right&#8221;]<\/p>\n<p style=\"text-align: left;\"><span style=\"color: #8d8d8d;\">Trabalhamos com seriedade, pensando sempre no melhor atendimento aos nossos clientes. Ocupamos um lugar de destaque no mercado, valorizando a alta qualidade em produtos e pre\u00e7os competitivos. Temos o maior estoque do Brasil de motores el\u00e9tricos usados, recondicionados e semi novos, com grande variedade de marcas, tamanhos e modelos de motores el\u00e9tricos usados e recondicionados como:<\/span><\/p>\n<p>[\/vc_column_text]<div class=\"gem-list gem-list-type-square gem-list-color-4\"><ul style=\"text-align: left;\">\n<li>Weg;<\/li>\n<li>GE;<\/li>\n<li>Eberle;<\/li>\n<li>Siemens;<\/li>\n<li>Arno;<\/li>\n<li>B\u00fafalo entre outros.<\/li>\n<\/ul>\n<\/div>[\/vc_column][vc_column width=&#8221;1\/2&#8243; offset=&#8221;vc_col-lg-offset-0 vc_col-md-offset-0 vc_hidden-md vc_col-sm-offset-0 vc_hidden-sm vc_hidden-xs&#8221;][vc_column_text]<\/p>\n<p style=\"text-align: left;\"><span style=\"color: #8d8d8d;\">Consertamos seus motores el\u00e9tricos usados com qualidade, pre\u00e7o e um prazo de entrega diferenciado. Contamos com uma equipe de funcion\u00e1rios habilitados para consertar qualquer tipos de motores el\u00e9tricos usados.<\/span><\/p>\n<p style=\"text-align: left;\"><span style=\"color: #8d8d8d;\">Temos experi\u00eancia no rebobinamento de motores el\u00e9tricos e conserto de redutores, motoredutor, bombas, bombas d\u00b4\u00e1gua entre outros.<\/span><\/p>\n<p style=\"text-align: left;\"><span style=\"color: #8d8d8d;\">Se tivermos o motor \u00e0 pronta entrega podemos fazer a Base-Troca trocando o seu motor queimado por outro da mesma pot\u00eancia e marca e pelo custo de um rebobinamento.<\/span><\/p>\n<p style=\"text-align: left;\"><span style=\"color: #8d8d8d;\">A Santo Andr\u00e9 Motores pode atender sua empresa com servi\u00e7os de Conserto de motores el\u00e9tricos usados em todo o Brasil. Encontre Manuten\u00e7\u00e3o de motores el\u00e9tricos usados em Santo Andr\u00e9-SP<\/span><\/p>\n<p>[\/vc_column_text][\/vc_column][\/vc_row][vc_row full_width=&#8221;stretch_row&#8221; css=&#8221;.vc_custom_1547643288245{margin-bottom: 0px !important;background-image: url(https:\/\/santoandremotores.com.br\/web\/\/wp-content\/uploads\/2019\/01\/Motores-el\u00e9tricos-usados-em-S\u00e3o-Paulo-1.png?id=30704) !important;background-position: center !important;background-repeat: no-repeat !important;background-size: cover !important;}&#8221;][vc_column offset=&#8221;vc_hidden-lg&#8221;]<div class=\"clearboth\"><\/div><div class=\"gem-divider \" style=\"margin-top: 40px;\"><\/div>[\/vc_column][vc_column width=&#8221;1\/2&#8243; offset=&#8221;vc_hidden-lg&#8221;][vc_column_text css_animation=&#8221;left-to-right&#8221;]<\/p>\n<div class=\"title-h2\" style=\"margin-bottom: 20px;\"><span style=\"color: #2c2c2c;\">Conte com a garantia Santo Andr\u00e9 Motores de 180 dias, e os melhores pre\u00e7os para que seus motores el\u00e9tricos usados tenha sempre a melhor qualidade.<\/span><\/div>\n<div style=\"width: 63px; height: 2px; background: #fbcf00; text-indent: 9999px;\">1<\/div>\n<p>[\/vc_column_text]<div class=\"clearboth\"><\/div><div class=\"gem-divider \" style=\"margin-top: 60px;\"><\/div>[vc_column_text css_animation=&#8221;left-to-right&#8221;]<\/p>\n<p style=\"text-align: left;\"><span style=\"color: #8d8d8d;\">Trabalhamos com seriedade, pensando sempre no melhor atendimento aos nossos clientes. Ocupamos um lugar de destaque no mercado, valorizando a alta qualidade em produtos e pre\u00e7os competitivos. Temos o maior estoque do Brasil de motores el\u00e9tricos usados, recondicionados e semi novos, com grande variedade de marcas, tamanhos e modelos de motores el\u00e9tricos usados e recondicionados como:<\/span><\/p>\n<p>[\/vc_column_text]<div class=\"gem-list gem-list-type-square gem-list-color-4\"><ul style=\"text-align: left;\">\n<li>Weg;<\/li>\n<li>GE;<\/li>\n<li>Eberle;<\/li>\n<li>Siemens;<\/li>\n<li>Arno;<\/li>\n<li>-B\u00fafalo entre outros.<\/li>\n<\/ul>\n<\/div>[\/vc_column][vc_column width=&#8221;1\/2&#8243; offset=&#8221;vc_col-lg-offset-0 vc_hidden-lg vc_col-md-offset-0 vc_col-sm-offset-0&#8243;][vc_column_text]<\/p>\n<p style=\"text-align: left;\"><span style=\"color: #8d8d8d;\">Consertamos seus motores el\u00e9tricos usados com qualidade, pre\u00e7o e um prazo de entrega diferenciado. Contamos com uma equipe de funcion\u00e1rios habilitados para consertar qualquer tipos de motores el\u00e9tricos usados.<\/span><\/p>\n<p style=\"text-align: left;\"><span style=\"color: #8d8d8d;\">Temos experi\u00eancia no rebobinamento de motores el\u00e9tricos e conserto de redutores, motoredutor, bombas, bombas d\u00b4\u00e1gua entre outros.<\/span><\/p>\n<p style=\"text-align: left;\"><span style=\"color: #8d8d8d;\">Se tivermos o motor \u00e0 pronta entrega podemos fazer a Base-Troca trocando o seu motor queimado por outro da mesma pot\u00eancia e marca e pelo custo de um rebobinamento.<\/span><\/p>\n<p style=\"text-align: left;\"><span style=\"color: #8d8d8d;\">A Santo Andr\u00e9 Motores pode atender sua empresa com servi\u00e7os de Conserto de motores el\u00e9tricos usados em todo o Brasil. Encontre Manuten\u00e7\u00e3o de motores el\u00e9tricos usados em Santo Andr\u00e9-SP<\/span><\/p>\n<p>[\/vc_column_text][\/vc_column][\/vc_row]<\/p>\n","protected":false},"excerpt":{"rendered":"<p>[vc_row full_width=&#8221;stretch_row_content_no_spaces&#8221; css=&#8221;.vc_custom_1464176165727{margin-bottom: 0px !important;}&#8221;][vc_column offset=&#8221;vc_hidden-md vc_hidden-sm vc_hidden-xs&#8221;][vc_row_inner css=&#8221;.vc_custom_1547642445811{background-image: url(https:\/\/santoandremotores.com.br\/web\/\/wp-content\/uploads\/2019\/01\/Motores-el\u00e9tricos-usados-em-S\u00e3o-Paulo.png?id=30673) !important;background-position: center !important;background-repeat: no-repeat !important;background-size: cover !important;}&#8221;][vc_column_inner width=&#8221;1\/2&#8243;][\/vc_column_inner][vc_column_inner width=&#8221;1\/2&#8243; css=&#8221;.vc_custom_1523107734455{padding-left: 78px !important;background-color: rgba(39,41,44,0.4) !important;*background-color: rgb(39,41,44) !important;}&#8221;][vc_column_text css_animation=&#8221;right-to-left&#8221;] Motores el\u00e9tricos usados em S\u00e3o&#8230;<\/p>\n","protected":false},"author":1,"featured_media":0,"parent":0,"menu_order":0,"comment_status":"closed","ping_status":"closed","template":"","meta":[],"_links":{"self":[{"href":"https:\/\/santoandremotores.com.br\/web\/wp-json\/wp\/v2\/pages\/30632"}],"collection":[{"href":"https:\/\/santoandremotores.com.br\/web\/wp-json\/wp\/v2\/pages"}],"about":[{"href":"https:\/\/santoandremotores.com.br\/web\/wp-json\/wp\/v2\/types\/page"}],"author":[{"embeddable":true,"href":"https:\/\/santoandremotores.com.br\/web\/wp-json\/wp\/v2\/users\/1"}],"replies":[{"embeddable":true,"href":"https:\/\/santoandremotores.com.br\/web\/wp-json\/wp\/v2\/comments?post=30632"}],"version-history":[{"count":4,"href":"https:\/\/santoandremotores.com.br\/web\/wp-json\/wp\/v2\/pages\/30632\/revisions"}],"predecessor-version":[{"id":30726,"href":"https:\/\/santoandremotores.com.br\/web\/wp-json\/wp\/v2\/pages\/30632\/revisions\/30726"}],"wp:attachment":[{"href":"https:\/\/santoandremotores.com.br\/web\/wp-json\/wp\/v2\/media?parent=30632"}],"curies":[{"name":"wp","href":"https:\/\/api.w.org\/{rel}","templated":true}]}}