{"id":30246,"date":"2018-04-10T13:19:50","date_gmt":"2018-04-10T13:19:50","guid":{"rendered":"https:\/\/santoandremotores.com.br\/web\/\/?page_id=30246"},"modified":"2024-08-12T17:19:29","modified_gmt":"2024-08-12T17:19:29","slug":"compra-venda-ventoinha-recondicionada","status":"publish","type":"page","link":"https:\/\/santoandremotores.com.br\/web\/compra-venda-ventoinha-recondicionada\/","title":{"rendered":"Ventoinha"},"content":{"rendered":"<p>[vc_row full_width=&#8221;stretch_row_content_no_spaces&#8221; css=&#8221;.vc_custom_1464176165727{margin-bottom: 0px !important;}&#8221;][vc_column offset=&#8221;vc_hidden-md vc_hidden-sm vc_hidden-xs&#8221;][vc_row_inner css=&#8221;.vc_custom_1616090515237{background-image: url(https:\/\/santoandremotores.com.br\/web\/\/wp-content\/uploads\/2021\/03\/Santo_Andre_Motores_Novos_Banners-4-scaled.jpg?id=31350) !important;background-position: center !important;background-repeat: no-repeat !important;background-size: cover !important;}&#8221;][vc_column_inner width=&#8221;1\/2&#8243;][\/vc_column_inner][vc_column_inner width=&#8221;1\/2&#8243; css=&#8221;.vc_custom_1618583101588{padding-right: 78px !important;padding-left: 78px !important;background-color: rgba(39,41,44,0.4) !important;*background-color: rgb(39,41,44) !important;}&#8221;]<div class=\"clearboth\"><\/div><div class=\"gem-divider \" style=\"margin-top: 100px;\"><\/div>[vc_column_text css_animation=&#8221;right-to-left&#8221;]<\/p>\n<div class=\"title-h2\" style=\"margin-bottom: 20px;\"><span style=\"color: #ffffff;\">Ventoinha Siroco <\/span><\/div>\n<p style=\"text-align: justify;\"><strong><span style=\"color: #ffffff;\">NA SANTO ANDR\u00c9 MOTORES VOC\u00ca ENCONTRA VENTOINHAS USADAS DE VARIAS CAPACIDADES.<\/span><\/strong><\/p>\n<p>&nbsp;<\/p>\n<div style=\"width: 63px; height: 2px; background: #fbcf00; text-indent: 9999px;\">1<\/div>\n<p>[\/vc_column_text]<div class=\"clearboth\"><\/div><div class=\"gem-divider \" style=\"margin-top: 15px;\"><\/div>[vc_column_text css_animation=&#8221;right-to-left&#8221;]<\/p>\n<p style=\"text-align: justify;\"><span style=\"color: #ffffff;\">Amplo estoque de Ventoinha Siroco de diversos tipos de capacidades e marcas.<\/span><\/p>\n<p style=\"text-align: justify;\"><span style=\"color: #ffffff;\">A Ventoinha Siroco Usado possui como caracter\u00edstica refrigera\u00e7\u00e3o e circula\u00e7\u00e3o de ar.<\/span><\/p>\n<p><span style=\"color: #ffffff;\"><strong>Principais aplica\u00e7\u00f5es:<\/strong> Bal\u00f5es promocionais, cortina de ar, an\u00e9is de extrusoras, canh\u00e3o de extrusoras, fornos, pain\u00e9is eletr\u00f4nicos, estufas, secagem, extrusoras de pl\u00e1stico, exaustor, refrigera\u00e7\u00e3o de motores el\u00e9tricos, ventiladores para elevadores, refrigera\u00e7\u00e3o, ar condicionado, exaustores entre outros.<\/span>[\/vc_column_text]<div class=\"clearboth\"><\/div><div class=\"gem-divider \" style=\"margin-top: 40px;\"><\/div><div class=\"clearboth\"><\/div><div class=\"gem-divider \" style=\"margin-top: 95px;\"><\/div>[\/vc_column_inner][\/vc_row_inner][\/vc_column][\/vc_row][vc_row full_width=&#8221;stretch_row_content_no_spaces&#8221; css=&#8221;.vc_custom_1464176165727{margin-bottom: 0px !important;}&#8221;][vc_column offset=&#8221;vc_hidden-md vc_hidden-sm vc_hidden-xs&#8221;][vc_row_inner css=&#8221;.vc_custom_1618583131420{background-image: url(https:\/\/santoandremotores.com.br\/web\/\/wp-content\/uploads\/2018\/12\/Ventoinha-Recondicionada.png?id=30592) !important;background-position: center !important;background-repeat: no-repeat !important;background-size: cover !important;}&#8221;][vc_column_inner width=&#8221;1\/2&#8243;][vc_column_text css_animation=&#8221;left-to-right&#8221;]<\/p>\n<h2 style=\"margin-bottom: 20px;\"><span style=\"color: #2c2c2c;\">Especifica\u00e7\u00f5es T\u00e9cnica da\u00a0<strong>Ventoinha Recondicionada<\/strong><\/span><\/h2>\n<div style=\"width: 63px; height: 2px; background: #fbcf00; text-indent: 9999px;\">1<\/div>\n<p>[\/vc_column_text][vc_column_text css_animation=&#8221;left-to-right&#8221;]<br \/>\nPossu\u00edmos o maior estoque do Brasil. Trabalhamos com seriedade, pensando sempre no melhor atendimento aos nossos clientes. Ocupamos um lugar de destaque no mercado, valorizado por um grupo profissional altamente competente, alta qualidade em produtos e com pre\u00e7os competitivos.[\/vc_column_text][\/vc_column_inner][vc_column_inner width=&#8221;1\/2&#8243; css=&#8221;.vc_custom_1618583180508{padding-right: 78px !important;padding-left: 78px !important;background-color: rgba(255,255,255,0.4) !important;*background-color: rgb(255,255,255) !important;}&#8221;]<div class=\"gem-list gem-list-type-square gem-list-color-4\"><ul>\n<li>Grau de prote\u00e7\u00e3o: IP54;<\/li>\n<li>Frequ\u00eancia: 60 Hz \/ 50 Hz;<\/li>\n<li>Modelo standard;<\/li>\n<li>Classe de isolamento \u201cF\u201d \/ \u2018\u2019B\u2019\u2019;<\/li>\n<li>Pot\u00eancia: 0,16 a 15 cv;<\/li>\n<li>Polaridade: 2 p\u00f3los (3500 rpm), 4 p\u00f3los (1750 rpm);<\/li>\n<li>Tens\u00e3o: 220\/380 (06 fios de sa\u00edda) \/ 380\/660 (06 fios de sa\u00edda) \/ 440\/760 (06 fios de sa\u00edda) \/ 220\/380\/440\/760 (12 fios de sa\u00edda);<\/li>\n<li>Carca\u00e7as: 63 a 132L;<\/li>\n<li>Cor: Azul RAL 5009;<\/li>\n<li>Segmentos: Estufa, refrigera\u00e7\u00e3o de ambientes, suc\u00e7\u00e3o de p\u00f3. Refrigera\u00e7\u00e3o de maquinas de motores corrente continua, entre outros.<\/li>\n<\/ul>\n<\/div>[\/vc_column_inner][\/vc_row_inner][\/vc_column][\/vc_row][vc_row full_width=&#8221;stretch_row_content_no_spaces&#8221; css=&#8221;.vc_custom_1464176165727{margin-bottom: 0px !important;}&#8221;][vc_column offset=&#8221;vc_hidden-lg&#8221;][vc_row_inner css=&#8221;.vc_custom_1523108058128{background-position: center !important;background-repeat: no-repeat !important;background-size: cover !important;}&#8221;][vc_column_inner css=&#8221;.vc_custom_1523108104260{padding-right: 20px !important;padding-left: 20px !important;background-color: rgba(39,41,44,0.4) !important;*background-color: rgb(39,41,44) !important;}&#8221;][vc_column_text css_animation=&#8221;right-to-left&#8221;]<\/p>\n<div class=\"title-h2\" style=\"margin-bottom: 20px;\"><span style=\"color: #ffffff;\">Ventoinha Siroco Recondicionada <\/span><\/div>\n<p style=\"text-align: justify;\"><strong><span style=\"color: #ffffff;\">NA SANTO ANDR\u00c9 MOTORES VOC\u00ca ENCONTRA VENTOINHAS USADAS E RECONDICIONADAS DE VARIAS CAPACIDADES.<\/span><\/strong><\/p>\n<p>&nbsp;<\/p>\n<div style=\"width: 63px; height: 2px; background: #fbcf00; text-indent: 9999px;\">1<\/div>\n<p>[\/vc_column_text]<div class=\"clearboth\"><\/div><div class=\"gem-divider \" style=\"margin-top: 65px;\"><\/div>[vc_column_text css_animation=&#8221;right-to-left&#8221;]<\/p>\n<p style=\"text-align: justify;\"><span style=\"color: #ffffff;\">Amplo estoque de Ventoinha Siroco Recondicionada de diversos tipos de capacidades e marcas.<\/span><\/p>\n<p style=\"text-align: justify;\"><span style=\"color: #ffffff;\">A Ventoinha Siroco Usado possui como caracter\u00edstica refrigera\u00e7\u00e3o e circula\u00e7\u00e3o de ar.<\/span><\/p>\n<p><span style=\"color: #ffffff;\"><strong>Principais aplica\u00e7\u00f5es:<\/strong> bal\u00f5es promocionais, cortina de ar, an\u00e9is de extrusoras, canh\u00e3o de extrusoras, fornos,pain\u00e9is eletr\u00f4nicos, estufas, secagem, extrusoras de pl\u00e1stico, exaustor, refrigera\u00e7\u00e3o de motores el\u00e9tricos, ventiladores para elevadores, refrigera\u00e7\u00e3o, ar condicionado, exaustores entre outros.<\/span>[\/vc_column_text]<div class=\"clearboth\"><\/div><div class=\"gem-divider \" style=\"margin-top: 40px;\"><\/div><div class=\"clearboth\"><\/div><div class=\"gem-divider \" style=\"margin-top: 95px;\"><\/div>[\/vc_column_inner][\/vc_row_inner][\/vc_column][\/vc_row][vc_row full_width=&#8221;stretch_row&#8221; css=&#8221;.vc_custom_1544785963637{margin-bottom: 0px !important;background-image: url(https:\/\/santoandremotores.com.br\/web\/\/wp-content\/uploads\/2018\/12\/Ventoinha-Recondicionada.png?id=30592) !important;background-position: center !important;background-repeat: no-repeat !important;background-size: cover !important;}&#8221;][vc_column offset=&#8221;vc_hidden-lg&#8221;]<div class=\"clearboth\"><\/div><div class=\"gem-divider \" style=\"margin-top: 40px;\"><\/div>[\/vc_column][vc_column width=&#8221;1\/2&#8243; offset=&#8221;vc_hidden-lg&#8221;][vc_column_text css_animation=&#8221;left-to-right&#8221;]<\/p>\n<h5 style=\"margin-bottom: 20px;\"><span style=\"color: #2c2c2c;\">Especifica\u00e7\u00f5es T\u00e9cnica da Ventoinha Recondicionada<\/span><\/h5>\n<div style=\"width: 63px; height: 2px; background: #fbcf00; text-indent: 9999px;\">1<\/div>\n<p>[\/vc_column_text]<div class=\"clearboth\"><\/div><div class=\"gem-divider \" style=\"margin-top: 60px;\"><\/div>[vc_column_text css_animation=&#8221;left-to-right&#8221;]<br \/>\nPossu\u00edmos o maior estoque do Brasil. Trabalhamos com seriedade, pensando sempre no melhor atendimento aos nossos clientes. Ocupamos um lugar de destaque no mercado, valorizado por um grupo profissional altamente competente, alta qualidade em produtos e com pre\u00e7os competitivos.[\/vc_column_text][\/vc_column][vc_column width=&#8221;1\/2&#8243; offset=&#8221;vc_col-lg-offset-0 vc_hidden-lg vc_col-md-offset-0 vc_col-sm-offset-0&#8243;]<div class=\"gem-list gem-list-type-square gem-list-color-4\"><ul>\n<li>Grau de prote\u00e7\u00e3o: IP54;<\/li>\n<li>Frequ\u00eancia: 60 Hz \/ 50 Hz;<\/li>\n<li>Modelo standard;<\/li>\n<li>Classe de isolamento \u201cF\u201d \/ \u2018\u2019B\u2019\u2019;<\/li>\n<li>Pot\u00eancia: 0,16 a 15 cv;<\/li>\n<li>Polaridade: 2 p\u00f3los (3500 rpm), 4 p\u00f3los (1750 rpm);<\/li>\n<li>Tens\u00e3o: 220\/380 (06 fios de sa\u00edda) \/ 380\/660 (06 fios de sa\u00edda) \/ 440\/760 (06 fios de sa\u00edda) \/ 220\/380\/440\/760 (12 fios de sa\u00edda);<\/li>\n<li>Carca\u00e7as: 63 a 132L;<\/li>\n<li>Cor: Azul RAL 5009;<\/li>\n<li>Segmentos: Estufa, refrigera\u00e7\u00e3o de ambientes, suc\u00e7\u00e3o de p\u00f3. Refrigera\u00e7\u00e3o de maquinas de motores corrente continua, entre outros.<\/li>\n<\/ul>\n<\/div>[\/vc_column][\/vc_row]<\/p>\n","protected":false},"excerpt":{"rendered":"<p>[vc_row full_width=&#8221;stretch_row_content_no_spaces&#8221; css=&#8221;.vc_custom_1464176165727{margin-bottom: 0px !important;}&#8221;][vc_column offset=&#8221;vc_hidden-md vc_hidden-sm vc_hidden-xs&#8221;][vc_row_inner css=&#8221;.vc_custom_1616090515237{background-image: url(https:\/\/santoandremotores.com.br\/web\/\/wp-content\/uploads\/2021\/03\/Santo_Andre_Motores_Novos_Banners-4-scaled.jpg?id=31350) !important;background-position: center !important;background-repeat: no-repeat !important;background-size: cover !important;}&#8221;][vc_column_inner width=&#8221;1\/2&#8243;][\/vc_column_inner][vc_column_inner width=&#8221;1\/2&#8243; css=&#8221;.vc_custom_1618583101588{padding-right: 78px !important;padding-left: 78px !important;background-color: rgba(39,41,44,0.4) !important;*background-color: rgb(39,41,44) !important;}&#8221;][vc_column_text css_animation=&#8221;right-to-left&#8221;] Ventoinha Siroco NA&#8230;<\/p>\n","protected":false},"author":1,"featured_media":0,"parent":0,"menu_order":0,"comment_status":"closed","ping_status":"closed","template":"","meta":[],"_links":{"self":[{"href":"https:\/\/santoandremotores.com.br\/web\/wp-json\/wp\/v2\/pages\/30246"}],"collection":[{"href":"https:\/\/santoandremotores.com.br\/web\/wp-json\/wp\/v2\/pages"}],"about":[{"href":"https:\/\/santoandremotores.com.br\/web\/wp-json\/wp\/v2\/types\/page"}],"author":[{"embeddable":true,"href":"https:\/\/santoandremotores.com.br\/web\/wp-json\/wp\/v2\/users\/1"}],"replies":[{"embeddable":true,"href":"https:\/\/santoandremotores.com.br\/web\/wp-json\/wp\/v2\/comments?post=30246"}],"version-history":[{"count":15,"href":"https:\/\/santoandremotores.com.br\/web\/wp-json\/wp\/v2\/pages\/30246\/revisions"}],"predecessor-version":[{"id":31817,"href":"https:\/\/santoandremotores.com.br\/web\/wp-json\/wp\/v2\/pages\/30246\/revisions\/31817"}],"wp:attachment":[{"href":"https:\/\/santoandremotores.com.br\/web\/wp-json\/wp\/v2\/media?parent=30246"}],"curies":[{"name":"wp","href":"https:\/\/api.w.org\/{rel}","templated":true}]}}