{"id":30219,"date":"2018-04-10T12:19:02","date_gmt":"2018-04-10T12:19:02","guid":{"rendered":"https:\/\/santoandremotores.com.br\/web\/\/?page_id=30219"},"modified":"2024-08-12T17:04:48","modified_gmt":"2024-08-12T17:04:48","slug":"motofreio","status":"publish","type":"page","link":"https:\/\/santoandremotores.com.br\/web\/motofreio\/","title":{"rendered":"Motofreio"},"content":{"rendered":"<p>[vc_row full_width=&#8221;stretch_row_content_no_spaces&#8221;][vc_column offset=&#8221;vc_hidden-md vc_hidden-sm vc_hidden-xs&#8221; css=&#8221;.vc_custom_1523619778462{margin-bottom: 0px !important;}&#8221;][vc_row_inner css=&#8221;.vc_custom_1544784657317{background-image: url(https:\/\/santoandremotores.com.br\/web\/\/wp-content\/uploads\/2018\/08\/fundo-motofreio-14.png?id=30496) !important;background-position: center !important;background-repeat: no-repeat !important;background-size: cover !important;}&#8221;][vc_column_inner width=&#8221;1\/2&#8243;][\/vc_column_inner][vc_column_inner width=&#8221;1\/2&#8243; css=&#8221;.vc_custom_1618581471150{padding-right: 78px !important;padding-left: 78px !important;background-color: rgba(39,41,44,0.4) !important;*background-color: rgb(39,41,44) !important;}&#8221;]<div class=\"clearboth\"><\/div><div class=\"gem-divider \" style=\"margin-top: 100px;\"><\/div>[vc_column_text css_animation=&#8221;right-to-left&#8221;]<\/p>\n<div class=\"title-h2\" style=\"margin-bottom: 20px;\"><span style=\"color: #ffffff;\">Motofreio<\/span><\/div>\n<p style=\"text-align: justify;\"><strong><span style=\"color: #ffffff;\">A SANTO ANDR\u00c9 MOTORES VOC\u00ca ENCONTRA MOTOFREIOS USADOS DE VARIAS CAPACIDADES.<\/span><\/strong><\/p>\n<div style=\"width: 63px; height: 2px; background: #fbcf00; text-indent: 9999px;\">1<\/div>\n<p>[\/vc_column_text]<div class=\"clearboth\"><\/div><div class=\"gem-divider \" style=\"margin-top: 15px;\"><\/div>[vc_column_text css_animation=&#8221;right-to-left&#8221;]<\/p>\n<p style=\"text-align: justify;\"><span style=\"color: #ffffff;\">Amplo estoque de Motofreio Usado de diversos tipos de capacidades e marcas.<\/span><\/p>\n<p style=\"text-align: justify;\"><span style=\"color: #ffffff;\"><strong>Aqui na Santo Andr\u00e9 Motores voc\u00ea encontrar\u00e1 amplo estoque de Motofreio Usado de diversos tipo de capacidades e marcas e com garantia de 180 dias.<\/strong><\/span><\/p>\n<p>[\/vc_column_text]<div class=\"clearboth\"><\/div><div class=\"gem-divider \" style=\"margin-top: 40px;\"><\/div><div class=\"clearboth\"><\/div><div class=\"gem-divider \" style=\"margin-top: 145px;\"><\/div>[\/vc_column_inner][\/vc_row_inner][\/vc_column][\/vc_row][vc_row full_width=&#8221;stretch_row_content_no_spaces&#8221;][vc_column offset=&#8221;vc_hidden-md vc_hidden-sm vc_hidden-xs&#8221; css=&#8221;.vc_custom_1523619778462{margin-bottom: 0px !important;}&#8221;][vc_row_inner css=&#8221;.vc_custom_1618587250582{background: #ffffff url(https:\/\/santoandremotores.com.br\/web\/\/wp-content\/uploads\/2018\/12\/Motoredutores.png?id=30588) !important;background-position: center !important;background-repeat: no-repeat !important;background-size: cover !important;}&#8221;][vc_column_inner width=&#8221;1\/2&#8243;][vc_column_text css_animation=&#8221;left-to-right&#8221;]<\/p>\n<h2 style=\"margin-bottom: 20px;\"><span style=\"color: #2c2c2c;\">Especifica\u00e7\u00f5es T\u00e9cnica dos Motofreios<\/span><\/h2>\n<div style=\"width: 63px; height: 2px; background: #fbcf00; text-indent: 9999px;\">1<\/div>\n<p>[\/vc_column_text][vc_column_text css_animation=&#8221;left-to-right&#8221;]<\/p>\n<p style=\"font-size: 21px;\"><strong>Motofreios usados<\/strong><\/p>\n<p>Possu\u00edmos o maior estoque do Brasil. Trabalhamos com seriedade, pensando sempre no melhor atendimento aos nossos clientes. Ocupamos um lugar de destaque no mercado, valorizado por um grupo profissional altamente competente, alta qualidade em produtos e com pre\u00e7os competitivos.[\/vc_column_text][\/vc_column_inner][vc_column_inner width=&#8221;1\/2&#8243; css=&#8221;.vc_custom_1618581633095{padding-right: 78px !important;padding-left: 78px !important;background-color: rgba(255,255,255,0.4) !important;*background-color: rgb(255,255,255) !important;}&#8221;]<div class=\"gem-list gem-list-type-square gem-list-color-4\"><ul>\n<li>Grau de prote\u00e7\u00e3o: IP54;<\/li>\n<li>Frequ\u00eancia: 60 Hz;<\/li>\n<li>Modelo standard;<\/li>\n<li>Classe de isolamento \u201cF\u201d \u2018\u2019B\u2019\u2019;<\/li>\n<li>Pot\u00eancia: 0,16 a 50 cv;<\/li>\n<li>Polaridade: 2 p\u00f3los (3500 rpm), 4 p\u00f3los (1750 rpm), 6 p\u00f3los (1100 rpm) e 8 p\u00f3los&nbsp;(860 rpm);<\/li>\n<li>Tens\u00e3o: 220\/380 (06 fios de sa\u00edda) \/ 380\/660 (06 fios de sa\u00edda) \/ 440\/760 (06 fios de&nbsp;sa\u00edda) \/ 220\/440 (09 fios de sa\u00edda) \/ 220\/380\/440\/760 (12 fios de sa\u00edda);<\/li>\n<li>Carca\u00e7as: 63 a 200 L;<\/li>\n<li>Cor: Azul RAL 5009;<\/li>\n<li>Voltagem de bobina de freio: 220 ou 380 ou 440 volts.<\/li>\n<\/ul>\n<\/div>[\/vc_column_inner][\/vc_row_inner][\/vc_column][\/vc_row][vc_row full_width=&#8221;stretch_row_content_no_spaces&#8221; css=&#8221;.vc_custom_1464176165727{margin-bottom: 0px !important;}&#8221;][vc_column offset=&#8221;vc_hidden-lg&#8221;][vc_row_inner css=&#8221;.vc_custom_1523108058128{background-position: center !important;background-repeat: no-repeat !important;background-size: cover !important;}&#8221;][vc_column_inner css=&#8221;.vc_custom_1523108104260{padding-right: 20px !important;padding-left: 20px !important;background-color: rgba(39,41,44,0.4) !important;*background-color: rgb(39,41,44) !important;}&#8221;][vc_column_text css_animation=&#8221;right-to-left&#8221;]<\/p>\n<div class=\"title-h2\" style=\"margin-bottom: 20px;\"><span style=\"color: #ffffff;\">Motofreio<\/span><\/div>\n<p style=\"text-align: justify;\"><strong><span style=\"color: #ffffff;\">A SANTO ANDR\u00c9 MOTORES VOC\u00ca ENCONTRA MOTOFREIOS USADOS E RECONDICIONADOS DE VARIAS CAPACIDADES.<\/span><\/strong><\/p>\n<div style=\"width: 63px; height: 2px; background: #fbcf00; text-indent: 9999px;\">1<\/div>\n<p>[\/vc_column_text]<div class=\"clearboth\"><\/div><div class=\"gem-divider \" style=\"margin-top: 65px;\"><\/div>[vc_column_text css_animation=&#8221;right-to-left&#8221;]<\/p>\n<p style=\"text-align: justify;\"><span style=\"color: #ffffff;\">Amplo estoque de Motofreio Usado e Recondicionados de diversos tipos de capacidades e marcas.<\/span><\/p>\n<p style=\"text-align: justify;\"><span style=\"color: #ffffff;\"><strong>Aqui na Santo Andr\u00e9 Motores voc\u00ea encontrar\u00e1 amplo estoque de Motofreio Usado e recondicionado de diversos tipo de capacidades e marcas e com garantia de 180 dias.<\/strong><\/span><\/p>\n<p>[\/vc_column_text]<div class=\"clearboth\"><\/div><div class=\"gem-divider \" style=\"margin-top: 40px;\"><\/div><div class=\"clearboth\"><\/div><div class=\"gem-divider \" style=\"margin-top: 95px;\"><\/div>[\/vc_column_inner][\/vc_row_inner][\/vc_column][\/vc_row][vc_row full_width=&#8221;stretch_row&#8221; css=&#8221;.vc_custom_1464604004533{margin-bottom: 0px !important;background-image: url(https:\/\/santoandremotores.com.br\/web\/\/wp-content\/uploads\/2016\/05\/construction01_about_us_background.png?id=24056) !important;background-position: center !important;background-repeat: no-repeat !important;background-size: cover !important;}&#8221;][vc_column offset=&#8221;vc_hidden-lg&#8221;]<div class=\"clearboth\"><\/div><div class=\"gem-divider \" style=\"margin-top: 40px;\"><\/div>[\/vc_column][vc_column width=&#8221;1\/2&#8243; offset=&#8221;vc_hidden-lg&#8221;][vc_column_text css_animation=&#8221;left-to-right&#8221;]<\/p>\n<h5 style=\"margin-bottom: 20px;\"><span style=\"color: #2c2c2c;\">Especifica\u00e7\u00f5es T\u00e9cnica dos Motofreios<\/span><\/h5>\n<div style=\"width: 63px; height: 2px; background: #fbcf00; text-indent: 9999px;\">1<\/div>\n<p>[\/vc_column_text]<div class=\"clearboth\"><\/div><div class=\"gem-divider \" style=\"margin-top: 60px;\"><\/div>[vc_column_text css_animation=&#8221;left-to-right&#8221;]<strong>Motofreios usados<\/strong><\/p>\n<p>Possu\u00edmos o maior estoque do Brasil. Trabalhamos com seriedade, pensando sempre no melhor atendimento aos nossos clientes. Ocupamos um lugar de destaque no mercado, valorizado por um grupo profissional altamente competente, alta qualidade em produtos e com pre\u00e7os competitivos.[\/vc_column_text][\/vc_column][vc_column width=&#8221;1\/2&#8243; offset=&#8221;vc_col-lg-offset-0 vc_hidden-lg vc_col-md-offset-0 vc_col-sm-offset-0&#8243;]<div class=\"gem-list gem-list-type-square gem-list-color-4\"><ul>\n<li>Grau de prote\u00e7\u00e3o: IP54;<\/li>\n<li>Frequ\u00eancia: 60 Hz;<\/li>\n<li>Modelo standard;<\/li>\n<li>Classe de isolamento \u201cF\u201d \u2018\u2019B\u2019\u2019;<\/li>\n<li>Pot\u00eancia: 0,16 a 50 cv;<\/li>\n<li>Polaridade: 2 p\u00f3los (3500 rpm), 4 p\u00f3los (1750 rpm), 6 p\u00f3los (1100 rpm) e 8 p\u00f3los&nbsp;(860 rpm);<\/li>\n<li>Tens\u00e3o: 220\/380 (06 fios de sa\u00edda) \/ 380\/660 (06 fios de sa\u00edda) \/ 440\/760 (06 fios de&nbsp;sa\u00edda) \/ 220\/440 (09 fios de sa\u00edda) \/ 220\/380\/440\/760 (12 fios de sa\u00edda);<\/li>\n<li>Carca\u00e7as: 63 a 200 L;<\/li>\n<li>Cor: Azul RAL 5009;<\/li>\n<li>Voltagem de bobina de freio: 220 ou 380 ou 440 volts.<\/li>\n<\/ul>\n<\/div>[\/vc_column][\/vc_row]<\/p>\n","protected":false},"excerpt":{"rendered":"<p>[vc_row full_width=&#8221;stretch_row_content_no_spaces&#8221;][vc_column offset=&#8221;vc_hidden-md vc_hidden-sm vc_hidden-xs&#8221; css=&#8221;.vc_custom_1523619778462{margin-bottom: 0px !important;}&#8221;][vc_row_inner css=&#8221;.vc_custom_1544784657317{background-image: url(https:\/\/santoandremotores.com.br\/web\/\/wp-content\/uploads\/2018\/08\/fundo-motofreio-14.png?id=30496) !important;background-position: center !important;background-repeat: no-repeat !important;background-size: cover !important;}&#8221;][vc_column_inner width=&#8221;1\/2&#8243;][\/vc_column_inner][vc_column_inner width=&#8221;1\/2&#8243; css=&#8221;.vc_custom_1618581471150{padding-right: 78px !important;padding-left: 78px !important;background-color: rgba(39,41,44,0.4) !important;*background-color: rgb(39,41,44) !important;}&#8221;][vc_column_text css_animation=&#8221;right-to-left&#8221;] Motofreio A SANTO&#8230;<\/p>\n","protected":false},"author":1,"featured_media":0,"parent":0,"menu_order":0,"comment_status":"closed","ping_status":"closed","template":"","meta":[],"_links":{"self":[{"href":"https:\/\/santoandremotores.com.br\/web\/wp-json\/wp\/v2\/pages\/30219"}],"collection":[{"href":"https:\/\/santoandremotores.com.br\/web\/wp-json\/wp\/v2\/pages"}],"about":[{"href":"https:\/\/santoandremotores.com.br\/web\/wp-json\/wp\/v2\/types\/page"}],"author":[{"embeddable":true,"href":"https:\/\/santoandremotores.com.br\/web\/wp-json\/wp\/v2\/users\/1"}],"replies":[{"embeddable":true,"href":"https:\/\/santoandremotores.com.br\/web\/wp-json\/wp\/v2\/comments?post=30219"}],"version-history":[{"count":21,"href":"https:\/\/santoandremotores.com.br\/web\/wp-json\/wp\/v2\/pages\/30219\/revisions"}],"predecessor-version":[{"id":31813,"href":"https:\/\/santoandremotores.com.br\/web\/wp-json\/wp\/v2\/pages\/30219\/revisions\/31813"}],"wp:attachment":[{"href":"https:\/\/santoandremotores.com.br\/web\/wp-json\/wp\/v2\/media?parent=30219"}],"curies":[{"name":"wp","href":"https:\/\/api.w.org\/{rel}","templated":true}]}}