{"id":30211,"date":"2018-04-10T12:11:53","date_gmt":"2018-04-10T12:11:53","guid":{"rendered":"https:\/\/santoandremotores.com.br\/web\/\/?page_id=30211"},"modified":"2024-08-12T17:16:39","modified_gmt":"2024-08-12T17:16:39","slug":"motor-trifasico-dahlander","status":"publish","type":"page","link":"https:\/\/santoandremotores.com.br\/web\/motor-trifasico-dahlander\/","title":{"rendered":"Motor Trif\u00e1sico Dahlander"},"content":{"rendered":"<p>[vc_row full_width=&#8221;stretch_row_content_no_spaces&#8221; css=&#8221;.vc_custom_1464176165727{margin-bottom: 0px !important;}&#8221;][vc_column offset=&#8221;vc_hidden-md vc_hidden-sm vc_hidden-xs&#8221;][vc_row_inner css=&#8221;.vc_custom_1544630895940{background-image: url(https:\/\/santoandremotores.com.br\/web\/\/wp-content\/uploads\/2018\/04\/fundoproduto-12.png?id=30214) !important;background-position: center !important;background-repeat: no-repeat !important;background-size: cover !important;}&#8221;][vc_column_inner width=&#8221;1\/2&#8243;][\/vc_column_inner][vc_column_inner width=&#8221;1\/2&#8243; css=&#8221;.vc_custom_1618580960943{padding-right: 78px !important;padding-left: 78px !important;background-color: rgba(39,41,44,0.4) !important;*background-color: rgb(39,41,44) !important;}&#8221;]<div class=\"clearboth\"><\/div><div class=\"gem-divider \" style=\"margin-top: 100px;\"><\/div>[vc_column_text css_animation=&#8221;right-to-left&#8221;]<\/p>\n<div class=\"title-h2\" style=\"margin-bottom: 20px;\"><span style=\"color: #ffffff;\">Motor Trif\u00e1sico Dahlander<\/span><\/div>\n<p style=\"text-align: justify;\"><strong><span style=\"color: #ffffff;\">NA SANTO ANDR\u00c9 MOTORES VOC\u00ca ENCONTRA MOTORES TRIF\u00c1SICOS DAHLANDER USADOS DE VARIAS CAPACIDADES.<\/span><\/strong><\/p>\n<div style=\"width: 63px; height: 2px; background: #fbcf00; text-indent: 9999px;\">1<\/div>\n<p>[\/vc_column_text]<div class=\"clearboth\"><\/div><div class=\"gem-divider \" style=\"margin-top: 15px;\"><\/div>[vc_column_text css_animation=&#8221;right-to-left&#8221;]<\/p>\n<p style=\"text-align: justify;\"><span style=\"color: #ffffff;\">O Motor Trif\u00e1sico Dahlander Usado pode ser aplicado em talhas, elevadores, correias transportadoras, m\u00e1quinas e equipamentos em geral ou outras aplica\u00e7\u00f5es que requeiram motores ass\u00edncronos de indu\u00e7\u00e3o trif\u00e1sicos com duas velocidades.<\/span><\/p>\n<p style=\"text-align: justify;\"><span style=\"color: #ffffff;\"><strong>Com o maior estoque de Motor Trif\u00e1sico Dahlander Usado de diversos tipos de capacidades e marcas e com os melhores pre\u00e7os do mercado.<\/strong><\/span><\/p>\n<p>[\/vc_column_text]<div class=\"clearboth\"><\/div><div class=\"gem-divider \" style=\"margin-top: 40px;\"><\/div><div class=\"clearboth\"><\/div><div class=\"gem-divider \" style=\"margin-top: 95px;\"><\/div>[\/vc_column_inner][\/vc_row_inner][\/vc_column][\/vc_row][vc_row full_width=&#8221;stretch_row_content_no_spaces&#8221; css=&#8221;.vc_custom_1464176165727{margin-bottom: 0px !important;}&#8221;][vc_column offset=&#8221;vc_hidden-md vc_hidden-sm vc_hidden-xs&#8221;][vc_row_inner css=&#8221;.vc_custom_1618587172735{background-image: url(https:\/\/santoandremotores.com.br\/web\/\/wp-content\/uploads\/2018\/12\/Motoredutores.png?id=30588) !important;background-position: center !important;background-repeat: no-repeat !important;background-size: cover !important;}&#8221;][vc_column_inner width=&#8221;1\/2&#8243;][vc_column_text css_animation=&#8221;left-to-right&#8221;]<\/p>\n<h2 style=\"margin-bottom: 20px;\"><span style=\"color: #2c2c2c;\">Especifica\u00e7\u00f5es T\u00e9cnica dos Motores Trif\u00e1sicos Dahlander<\/span><\/h2>\n<div style=\"width: 63px; height: 2px; background: #fbcf00; text-indent: 9999px;\">1<\/div>\n<p>[\/vc_column_text][vc_column_text]<strong>Motor Trif\u00e1sico Dahlander Usado<\/strong><\/p>\n<p>Possu\u00edmos o maior estoque do Brasil. Trabalhamos com seriedade, pensando sempre no melhor atendimento aos nossos clientes. Ocupamos um lugar de destaque no mercado, valorizado por um grupo profissional altamente competente, alta qualidade em produtos e com pre\u00e7os competitivos.[\/vc_column_text][\/vc_column_inner][vc_column_inner width=&#8221;1\/2&#8243; css=&#8221;.vc_custom_1618581202102{padding-right: 78px !important;padding-left: 78px !important;background-color: rgba(255,255,255,0.4) !important;*background-color: rgb(255,255,255) !important;}&#8221;][vc_column_text css_animation=&#8221;right-to-left&#8221;]<\/p>\n<ul>\n<li>Grau de prote\u00e7\u00e3o: IP54;<\/li>\n<li>Frequ\u00eancia: 60 Hz \/ 50 Hz;<\/li>\n<li>Modelo Stand;<\/li>\n<li>Classe de isolamento \u201cF\u201d \/ \u2018\u2019B\u2019\u2019;<\/li>\n<li>Pot\u00eancia: 0,25 a 125cv; para 2\/4 p\u00f3los (3500 rpm \/ 1750 rpm);<\/li>\n<li>Pot\u00eancia: 0,25 a 160cv; para 4\/8 p\u00f3los (1750 rpm \/ 860 rpm);<\/li>\n<li>Tens\u00e3o: 220 ou 380 ou 440v;<\/li>\n<li>Carca\u00e7as: 71 a 315 para 2 e 4 p\u00f3los e 80 a 315 para 4 e 8 p\u00f3los;<\/li>\n<li>Cor: Azul RAL 5009.<\/li>\n<\/ul>\n<p>[\/vc_column_text][\/vc_column_inner][\/vc_row_inner][\/vc_column][\/vc_row][vc_row full_width=&#8221;stretch_row_content_no_spaces&#8221; css=&#8221;.vc_custom_1464176165727{margin-bottom: 0px !important;}&#8221;][vc_column offset=&#8221;vc_hidden-lg&#8221;][vc_row_inner css=&#8221;.vc_custom_1523108058128{background-position: center !important;background-repeat: no-repeat !important;background-size: cover !important;}&#8221;][vc_column_inner css=&#8221;.vc_custom_1523108104260{padding-right: 20px !important;padding-left: 20px !important;background-color: rgba(39,41,44,0.4) !important;*background-color: rgb(39,41,44) !important;}&#8221;][vc_column_text css_animation=&#8221;right-to-left&#8221;]<\/p>\n<div class=\"title-h2\" style=\"margin-bottom: 20px;\"><span style=\"color: #ffffff;\">Motor Trif\u00e1sico Dahlander<\/span><\/div>\n<p style=\"text-align: justify;\"><strong><span style=\"color: #ffffff;\">NA SANTO ANDR\u00c9 MOTORES VOC\u00ca ENCONTRA MOTORES TRIF\u00c1SICOS DAHLANDER USADOS E RECONDICIONADOS DE VARIAS CAPACIDADES.<\/span><\/strong><\/p>\n<div style=\"width: 63px; height: 2px; background: #fbcf00; text-indent: 9999px;\">1<\/div>\n<p>[\/vc_column_text]<div class=\"clearboth\"><\/div><div class=\"gem-divider \" style=\"margin-top: 65px;\"><\/div>[vc_column_text css_animation=&#8221;right-to-left&#8221;]<\/p>\n<p style=\"text-align: justify;\"><span style=\"color: #ffffff;\">O Motor Trif\u00e1sico Dahlander Usado pode ser aplicado em talhas, elevadores, correias transportadoras, m\u00e1quinas e equipamentos em geral ou outras aplica\u00e7\u00f5es que requeiram motores ass\u00edncronos de indu\u00e7\u00e3o trif\u00e1sicos com duas velocidades.<\/span><\/p>\n<p style=\"text-align: justify;\"><span style=\"color: #ffffff;\"><strong>Com o maior estoque de Motor Trif\u00e1sico Dahlander Usado e recondicionados de diversos tipos de capacidades e marcas e com os melhores pre\u00e7os do mercado.<\/strong><\/span><\/p>\n<p>[\/vc_column_text]<div class=\"clearboth\"><\/div><div class=\"gem-divider \" style=\"margin-top: 40px;\"><\/div><div class=\"clearboth\"><\/div><div class=\"gem-divider \" style=\"margin-top: 95px;\"><\/div>[\/vc_column_inner][\/vc_row_inner][\/vc_column][\/vc_row][vc_row full_width=&#8221;stretch_row&#8221; css=&#8221;.vc_custom_1544785556399{margin-bottom: 0px !important;background-image: url(https:\/\/santoandremotores.com.br\/web\/\/wp-content\/uploads\/2018\/12\/Motor-Trif\u00e1sico-Dahlander.png?id=30586) !important;background-position: center !important;background-repeat: no-repeat !important;background-size: cover !important;}&#8221;][vc_column offset=&#8221;vc_hidden-lg&#8221;]<div class=\"clearboth\"><\/div><div class=\"gem-divider \" style=\"margin-top: 40px;\"><\/div>[\/vc_column][vc_column width=&#8221;1\/2&#8243; offset=&#8221;vc_hidden-lg&#8221;][vc_column_text css_animation=&#8221;left-to-right&#8221;]<\/p>\n<h5 style=\"margin-bottom: 20px;\"><span style=\"color: #2c2c2c;\">Especifica\u00e7\u00f5es T\u00e9cnica dos Motores Trif\u00e1sicos Dahlander<\/span><\/h5>\n<div style=\"width: 63px; height: 2px; background: #fbcf00; text-indent: 9999px;\">1<\/div>\n<p>[\/vc_column_text]<div class=\"clearboth\"><\/div><div class=\"gem-divider \" style=\"margin-top: 60px;\"><\/div>[vc_column_text css_animation=&#8221;left-to-right&#8221;]<strong>Motor Trif\u00e1sico Dahlander Usado<\/strong><\/p>\n<p>Possu\u00edmos o maior estoque do Brasil. Trabalhamos com seriedade, pensando sempre no melhor atendimento aos nossos clientes. Ocupamos um lugar de destaque no mercado, valorizado por um grupo profissional altamente competente, alta qualidade em produtos e com pre\u00e7os competitivos.[\/vc_column_text][\/vc_column][vc_column width=&#8221;1\/2&#8243; offset=&#8221;vc_col-lg-offset-0 vc_hidden-lg vc_col-md-offset-0 vc_col-sm-offset-0&#8243;]<div class=\"gem-list gem-list-type-square gem-list-color-4\"><ul>\n<li>Grau de prote\u00e7\u00e3o: IP54;<\/li>\n<li>Frequ\u00eancia: 60 Hz \/ 50 Hz;<\/li>\n<li>Modelo Stand;<\/li>\n<li>Classe de isolamento \u201cF\u201d \/ \u2018\u2019B\u2019\u2019;<\/li>\n<li>Pot\u00eancia: 0,25 a 125cv; para 2\/4 p\u00f3los (3500 rpm \/ 1750 rpm);<\/li>\n<li>Pot\u00eancia: 0,25 a 160cv; para 4\/8 p\u00f3los (1750 rpm \/ 860 rpm);<\/li>\n<li>Tens\u00e3o: 220 ou 380 ou 440v;<\/li>\n<li>Carca\u00e7as: 71 a 315 para 2 e 4 p\u00f3los e 80 a 315 para 4 e 8 p\u00f3los;<\/li>\n<li>Cor: Azul RAL 5009.<\/li>\n<\/ul>\n<\/div>[\/vc_column][\/vc_row]<\/p>\n","protected":false},"excerpt":{"rendered":"<p>[vc_row full_width=&#8221;stretch_row_content_no_spaces&#8221; css=&#8221;.vc_custom_1464176165727{margin-bottom: 0px !important;}&#8221;][vc_column offset=&#8221;vc_hidden-md vc_hidden-sm vc_hidden-xs&#8221;][vc_row_inner css=&#8221;.vc_custom_1544630895940{background-image: url(https:\/\/santoandremotores.com.br\/web\/\/wp-content\/uploads\/2018\/04\/fundoproduto-12.png?id=30214) !important;background-position: center !important;background-repeat: no-repeat !important;background-size: cover !important;}&#8221;][vc_column_inner width=&#8221;1\/2&#8243;][\/vc_column_inner][vc_column_inner width=&#8221;1\/2&#8243; css=&#8221;.vc_custom_1618580960943{padding-right: 78px !important;padding-left: 78px !important;background-color: rgba(39,41,44,0.4) !important;*background-color: rgb(39,41,44) !important;}&#8221;][vc_column_text css_animation=&#8221;right-to-left&#8221;] Motor Trif\u00e1sico Dahlander&#8230;<\/p>\n","protected":false},"author":1,"featured_media":0,"parent":0,"menu_order":0,"comment_status":"closed","ping_status":"closed","template":"","meta":[],"_links":{"self":[{"href":"https:\/\/santoandremotores.com.br\/web\/wp-json\/wp\/v2\/pages\/30211"}],"collection":[{"href":"https:\/\/santoandremotores.com.br\/web\/wp-json\/wp\/v2\/pages"}],"about":[{"href":"https:\/\/santoandremotores.com.br\/web\/wp-json\/wp\/v2\/types\/page"}],"author":[{"embeddable":true,"href":"https:\/\/santoandremotores.com.br\/web\/wp-json\/wp\/v2\/users\/1"}],"replies":[{"embeddable":true,"href":"https:\/\/santoandremotores.com.br\/web\/wp-json\/wp\/v2\/comments?post=30211"}],"version-history":[{"count":12,"href":"https:\/\/santoandremotores.com.br\/web\/wp-json\/wp\/v2\/pages\/30211\/revisions"}],"predecessor-version":[{"id":31816,"href":"https:\/\/santoandremotores.com.br\/web\/wp-json\/wp\/v2\/pages\/30211\/revisions\/31816"}],"wp:attachment":[{"href":"https:\/\/santoandremotores.com.br\/web\/wp-json\/wp\/v2\/media?parent=30211"}],"curies":[{"name":"wp","href":"https:\/\/api.w.org\/{rel}","templated":true}]}}