{"id":30200,"date":"2018-04-10T12:00:32","date_gmt":"2018-04-10T12:00:32","guid":{"rendered":"https:\/\/santoandremotores.com.br\/web\/\/?page_id=30200"},"modified":"2024-08-12T17:08:37","modified_gmt":"2024-08-12T17:08:37","slug":"motor-monofasico-nema","status":"publish","type":"page","link":"https:\/\/santoandremotores.com.br\/web\/motor-monofasico-nema\/","title":{"rendered":"Motor Monof\u00e1sico Nema"},"content":{"rendered":"<p>[vc_row full_width=&#8221;stretch_row_content_no_spaces&#8221; css=&#8221;.vc_custom_1464176165727{margin-bottom: 0px !important;}&#8221;][vc_column offset=&#8221;vc_hidden-md vc_hidden-sm vc_hidden-xs&#8221;][vc_row_inner css=&#8221;.vc_custom_1544630571498{background-image: url(https:\/\/santoandremotores.com.br\/web\/\/wp-content\/uploads\/2018\/04\/fundoproduto-13.png?id=30215) !important;background-position: center !important;background-repeat: no-repeat !important;background-size: cover !important;}&#8221;][vc_column_inner width=&#8221;1\/2&#8243;][\/vc_column_inner][vc_column_inner width=&#8221;1\/2&#8243; css=&#8221;.vc_custom_1618512599613{padding-right: 78px !important;padding-left: 78px !important;background-color: rgba(39,41,44,0.4) !important;*background-color: rgb(39,41,44) !important;}&#8221;]<div class=\"clearboth\"><\/div><div class=\"gem-divider \" style=\"margin-top: 100px;\"><\/div>[vc_column_text css_animation=&#8221;right-to-left&#8221;]<\/p>\n<div class=\"title-h2\" style=\"margin-bottom: 20px;\"><span style=\"color: #ffffff;\">Motor Monof\u00e1sico Nema<\/span><\/div>\n<p style=\"text-align: justify;\"><strong><span style=\"color: #ffffff;\">NA SANTO ANDR\u00c9 MOTORES VOC\u00ca ENCONTRA MOTORES MONOF\u00c1SICO USADOS DE VARIAS CAPACIDADES.<\/span><\/strong><\/p>\n<div style=\"width: 63px; height: 2px; background: #fbcf00; text-indent: 9999px;\">1<\/div>\n<p>[\/vc_column_text]<div class=\"clearboth\"><\/div><div class=\"gem-divider \" style=\"margin-top: 15px;\"><\/div>[vc_column_text css_animation=&#8221;right-to-left&#8221;]<\/p>\n<p style=\"text-align: justify;\"><span style=\"color: #ffffff;\">Temos um amplo estoque de Motor Monof\u00e1sico Nema Usado de diversos tipos de capacidades marcas e com os melhores pre\u00e7os do mercado.<\/span><\/p>\n<p style=\"text-align: justify;\"><span style=\"color: #ffffff;\"><strong>Seguimentos:<\/strong> Furadeira de coluna, moto-esmeril, compressor, ventilador, m\u00e1quina para agricultura, exaustor, bomba, m\u00e1quina-ferramenta e aplica\u00e7\u00f5es industriais e comerciais que exijam alto torque de partida entre outros.<\/span><\/p>\n<p>[\/vc_column_text]<div class=\"clearboth\"><\/div><div class=\"gem-divider \" style=\"margin-top: 40px;\"><\/div><div class=\"clearboth\"><\/div><div class=\"gem-divider \" style=\"margin-top: 95px;\"><\/div>[\/vc_column_inner][\/vc_row_inner][\/vc_column][\/vc_row][vc_row full_width=&#8221;stretch_row_content_no_spaces&#8221; css=&#8221;.vc_custom_1464176165727{margin-bottom: 0px !important;}&#8221;][vc_column offset=&#8221;vc_hidden-md vc_hidden-sm vc_hidden-xs&#8221;][vc_row_inner css=&#8221;.vc_custom_1618587106392{background: #ffffff url(https:\/\/santoandremotores.com.br\/web\/\/wp-content\/uploads\/2018\/12\/Motoredutores.png?id=30588) !important;background-position: center !important;background-repeat: no-repeat !important;background-size: cover !important;}&#8221;][vc_column_inner width=&#8221;1\/2&#8243;][vc_column_text css_animation=&#8221;left-to-right&#8221;]<\/p>\n<h2 style=\"margin-bottom: 20px;\"><span style=\"color: #2c2c2c;\">Especifica\u00e7\u00f5es T\u00e9cnica dos Motores Monof\u00e1sicos<\/span><\/h2>\n<div style=\"width: 63px; height: 2px; background: #fbcf00; text-indent: 9999px;\">1<\/div>\n<p>[\/vc_column_text][vc_column_text]<strong>Motor Monof\u00e1sico Nema Usado<\/strong><\/p>\n<p>Foi desenvolvido para&nbsp;motores de indu\u00e7\u00e3o&nbsp;do tipo gaiola, corrente alternada e de baixa pot\u00eancia visando qualidade, e melhor custo-benef\u00edcio do mercado.<\/p>\n<p>Seguimentos: Furadeira de coluna, moto-esmeril, compressor, ventilador, m\u00e1quina para agricultura, exaustor, bomba, m\u00e1quina-ferramenta e aplica\u00e7\u00f5es industriais e comerciais que exijam alto torque de partida entre outros.[\/vc_column_text][\/vc_column_inner][vc_column_inner width=&#8221;1\/2&#8243; css=&#8221;.vc_custom_1618512406846{padding-right: 10px !important;padding-left: 78px !important;background-color: rgba(255,255,255,0.4) !important;*background-color: rgb(255,255,255) !important;}&#8221;][vc_column_text css_animation=&#8221;right-to-left&#8221;]<\/p>\n<ul>\n<li>Grau de prote\u00e7\u00e3o: IP21;<\/li>\n<li>Frequ\u00eancia: 60 Hz;<\/li>\n<li>Modelo Nema;<\/li>\n<li>Classe de isolamento \u201cB\u201d;<\/li>\n<li>Pot\u00eancia: 0,16cv a 5cv;<\/li>\n<li>Carca\u00e7as: B48 a G56H;<\/li>\n<li>Tens\u00e3o: 110\/220 (06 fios de sa\u00edda);<\/li>\n<li>Cor: Azul RAL 5009.<\/li>\n<\/ul>\n<p>[\/vc_column_text][\/vc_column_inner][\/vc_row_inner][\/vc_column][\/vc_row][vc_row full_width=&#8221;stretch_row_content_no_spaces&#8221; css=&#8221;.vc_custom_1464176165727{margin-bottom: 0px !important;}&#8221;][vc_column offset=&#8221;vc_hidden-lg&#8221;][vc_row_inner css=&#8221;.vc_custom_1523108058128{background-position: center !important;background-repeat: no-repeat !important;background-size: cover !important;}&#8221;][vc_column_inner css=&#8221;.vc_custom_1523108104260{padding-right: 20px !important;padding-left: 20px !important;background-color: rgba(39,41,44,0.4) !important;*background-color: rgb(39,41,44) !important;}&#8221;][vc_column_text css_animation=&#8221;right-to-left&#8221;]<\/p>\n<div class=\"title-h2\" style=\"margin-bottom: 20px;\"><span style=\"color: #ffffff;\">Motor Monof\u00e1sico Nema<\/span><\/div>\n<p style=\"text-align: justify;\"><strong><span style=\"color: #ffffff;\">NA SANTO ANDR\u00c9 MOTORES VOC\u00ca ENCONTRA MOTORES MONOF\u00c1SICO USADOS E RECONDICIONADOS DE VARIAS CAPACIDADES.<\/span><\/strong><\/p>\n<div style=\"width: 63px; height: 2px; background: #fbcf00; text-indent: 9999px;\">1<\/div>\n<p>[\/vc_column_text]<div class=\"clearboth\"><\/div><div class=\"gem-divider \" style=\"margin-top: 65px;\"><\/div>[vc_column_text css_animation=&#8221;right-to-left&#8221;]<\/p>\n<p style=\"text-align: justify;\"><span style=\"color: #ffffff;\">Temos um amplo estoque de Motor Monof\u00e1sico Nema Usado e Recondicionado de diversos tipos de capacidades marcas e com os melhores pre\u00e7os do mercado.<\/span><\/p>\n<p style=\"text-align: justify;\"><span style=\"color: #ffffff;\"><strong>Seguimentos:<\/strong> Furadeira de coluna, moto-esmeril, compressor, ventilador, m\u00e1quina para agricultura, exaustor, bomba, m\u00e1quina-ferramenta e aplica\u00e7\u00f5es industriais e comerciais que exijam alto torque de partida entre outros.<\/span><\/p>\n<p>[\/vc_column_text]<div class=\"clearboth\"><\/div><div class=\"gem-divider \" style=\"margin-top: 40px;\"><\/div><div class=\"clearboth\"><\/div><div class=\"gem-divider \" style=\"margin-top: 95px;\"><\/div>[\/vc_column_inner][\/vc_row_inner][\/vc_column][\/vc_row][vc_row full_width=&#8221;stretch_row&#8221; css=&#8221;.vc_custom_1544785123383{margin-bottom: 0px !important;background-image: url(https:\/\/santoandremotores.com.br\/web\/\/wp-content\/uploads\/2018\/12\/Motor-Monof\u00e1sico-Nema.png?id=30581) !important;background-position: center !important;background-repeat: no-repeat !important;background-size: cover !important;}&#8221;][vc_column offset=&#8221;vc_hidden-lg&#8221;]<div class=\"clearboth\"><\/div><div class=\"gem-divider \" style=\"margin-top: 40px;\"><\/div>[\/vc_column][vc_column width=&#8221;1\/2&#8243; offset=&#8221;vc_hidden-lg&#8221;][vc_column_text css_animation=&#8221;left-to-right&#8221;]<\/p>\n<h5 style=\"margin-bottom: 20px;\"><span style=\"color: #2c2c2c;\">Especifica\u00e7\u00f5es T\u00e9cnica dos Motores Monof\u00e1sicos<\/span><\/h5>\n<div style=\"width: 63px; height: 2px; background: #fbcf00; text-indent: 9999px;\">1<\/div>\n<p>[\/vc_column_text]<div class=\"clearboth\"><\/div><div class=\"gem-divider \" style=\"margin-top: 60px;\"><\/div>[vc_column_text css_animation=&#8221;left-to-right&#8221;]<strong>Motor Monof\u00e1sico Nema Usado<\/strong><\/p>\n<p>Foi desenvolvido para&nbsp;motores de indu\u00e7\u00e3o&nbsp;do tipo gaiola, corrente alternada e de baixa pot\u00eancia visando qualidade, e melhor custo-benef\u00edcio do mercado.<\/p>\n<p>Seguimentos:Furadeira de coluna, moto-esmeril, compressor, ventilador, m\u00e1quina para agricultura, exaustor, bomba, m\u00e1quina-ferramenta e aplica\u00e7\u00f5es industriais e comerciais que exijam alto torque de partida entre outros.[\/vc_column_text][\/vc_column][vc_column width=&#8221;1\/2&#8243; offset=&#8221;vc_col-lg-offset-0 vc_hidden-lg vc_col-md-offset-0 vc_col-sm-offset-0&#8243;]<div class=\"gem-list gem-list-type-square gem-list-color-4\"><ul>\n<li>Grau de prote\u00e7\u00e3o: IP21;<\/li>\n<li>Frequ\u00eancia: 60 Hz;<\/li>\n<li>Modelo Nema;<\/li>\n<li>Classe de isolamento \u201cB\u201d;<\/li>\n<li>Pot\u00eancia: 0,16cv a 5cv;<\/li>\n<li>Carca\u00e7as: B48 a G56H;<\/li>\n<li>Tens\u00e3o: 110\/220 (06 fios de sa\u00edda);<\/li>\n<li>Cor: Azul RAL 5009.<\/li>\n<\/ul>\n<\/div>[\/vc_column][\/vc_row]<\/p>\n","protected":false},"excerpt":{"rendered":"<p>[vc_row full_width=&#8221;stretch_row_content_no_spaces&#8221; css=&#8221;.vc_custom_1464176165727{margin-bottom: 0px !important;}&#8221;][vc_column offset=&#8221;vc_hidden-md vc_hidden-sm vc_hidden-xs&#8221;][vc_row_inner css=&#8221;.vc_custom_1544630571498{background-image: url(https:\/\/santoandremotores.com.br\/web\/\/wp-content\/uploads\/2018\/04\/fundoproduto-13.png?id=30215) !important;background-position: center !important;background-repeat: no-repeat !important;background-size: cover !important;}&#8221;][vc_column_inner width=&#8221;1\/2&#8243;][\/vc_column_inner][vc_column_inner width=&#8221;1\/2&#8243; css=&#8221;.vc_custom_1618512599613{padding-right: 78px !important;padding-left: 78px !important;background-color: rgba(39,41,44,0.4) !important;*background-color: rgb(39,41,44) !important;}&#8221;][vc_column_text css_animation=&#8221;right-to-left&#8221;] Motor Monof\u00e1sico Nema&#8230;<\/p>\n","protected":false},"author":1,"featured_media":0,"parent":0,"menu_order":0,"comment_status":"closed","ping_status":"closed","template":"","meta":[],"_links":{"self":[{"href":"https:\/\/santoandremotores.com.br\/web\/wp-json\/wp\/v2\/pages\/30200"}],"collection":[{"href":"https:\/\/santoandremotores.com.br\/web\/wp-json\/wp\/v2\/pages"}],"about":[{"href":"https:\/\/santoandremotores.com.br\/web\/wp-json\/wp\/v2\/types\/page"}],"author":[{"embeddable":true,"href":"https:\/\/santoandremotores.com.br\/web\/wp-json\/wp\/v2\/users\/1"}],"replies":[{"embeddable":true,"href":"https:\/\/santoandremotores.com.br\/web\/wp-json\/wp\/v2\/comments?post=30200"}],"version-history":[{"count":23,"href":"https:\/\/santoandremotores.com.br\/web\/wp-json\/wp\/v2\/pages\/30200\/revisions"}],"predecessor-version":[{"id":31814,"href":"https:\/\/santoandremotores.com.br\/web\/wp-json\/wp\/v2\/pages\/30200\/revisions\/31814"}],"wp:attachment":[{"href":"https:\/\/santoandremotores.com.br\/web\/wp-json\/wp\/v2\/media?parent=30200"}],"curies":[{"name":"wp","href":"https:\/\/api.w.org\/{rel}","templated":true}]}}