{"id":30190,"date":"2018-04-09T19:45:47","date_gmt":"2018-04-09T19:45:47","guid":{"rendered":"https:\/\/santoandremotores.com.br\/web\/\/?page_id=30190"},"modified":"2024-08-12T17:13:48","modified_gmt":"2024-08-12T17:13:48","slug":"motor-trifasico","status":"publish","type":"page","link":"https:\/\/santoandremotores.com.br\/web\/motor-trifasico\/","title":{"rendered":"Motor Trif\u00e1sico"},"content":{"rendered":"<p>[vc_row full_width=&#8221;stretch_row_content_no_spaces&#8221; css=&#8221;.vc_custom_1464176165727{margin-bottom: 0px !important;}&#8221;][vc_column offset=&#8221;vc_hidden-md vc_hidden-sm vc_hidden-xs&#8221;][vc_row_inner css=&#8221;.vc_custom_1616011026167{background-image: url(https:\/\/santoandremotores.com.br\/web\/\/wp-content\/uploads\/2021\/03\/Santo_Andre_Motores_Novos_Banners-2-scaled.jpg?id=31334) !important;background-position: center !important;background-repeat: no-repeat !important;background-size: cover !important;}&#8221;][vc_column_inner width=&#8221;1\/2&#8243;][\/vc_column_inner][vc_column_inner width=&#8221;1\/2&#8243; css=&#8221;.vc_custom_1618580474495{padding-right: 78px !important;padding-left: 78px !important;background-color: rgba(39,41,44,0.4) !important;*background-color: rgb(39,41,44) !important;}&#8221;]<div class=\"clearboth\"><\/div><div class=\"gem-divider \" style=\"margin-top: 100px;\"><\/div>[vc_column_text css_animation=&#8221;right-to-left&#8221;]<\/p>\n<div class=\"title-h2\" style=\"margin-bottom: 20px;\"><span style=\"color: #ffffff;\">Motor Trif\u00e1sico<\/span><\/div>\n<p><strong><span style=\"color: #ffffff;\">ENCONTRE AQUI NA SANTO ANDR\u00c9 MOTORES, MOTOR EL\u00c9TRICO USADO OU REVISADO POR UM PRE\u00c7O EXCEPCIONAL E PRAZO DE PAGAMENTO DE AT\u00c9 05 VEZES SEM JUROS E COM GARANTIA DE 180 DIAS.<\/span><\/strong><\/p>\n<div style=\"width: 63px; height: 2px; background: #fbcf00; text-indent: 9999px;\">1<\/div>\n<p>[\/vc_column_text]<div class=\"clearboth\"><\/div><div class=\"gem-divider \" style=\"margin-top: 15px;\"><\/div>[vc_column_text css_animation=&#8221;right-to-left&#8221;]<span style=\"color: #ffffff;\">Maior estoque do Brasil de Motores El\u00e9tricos Trif\u00e1sicos Usados, com grande variedade de marcas e modelos. Encontre na Santo Andr\u00e9 Motores o Motor El\u00e9trico trif\u00e1sico mais adequado para qualquer uso em equipamentos el\u00e9tricos. Voc\u00ea pode utilizar Motores El\u00e9tricos Trif\u00e1sicos Usados para finalidade industrial, comercial ou residencial. <\/span>[\/vc_column_text]<div class=\"clearboth\"><\/div><div class=\"gem-divider \" style=\"margin-top: 40px;\"><\/div><div class=\"clearboth\"><\/div><div class=\"gem-divider \" style=\"margin-top: 95px;\"><\/div>[\/vc_column_inner][\/vc_row_inner][\/vc_column][\/vc_row][vc_row full_width=&#8221;stretch_row_content_no_spaces&#8221; css=&#8221;.vc_custom_1464176165727{margin-bottom: 0px !important;}&#8221;][vc_column offset=&#8221;vc_hidden-md vc_hidden-sm vc_hidden-xs&#8221;][vc_row_inner css=&#8221;.vc_custom_1618587039215{background-image: url(https:\/\/santoandremotores.com.br\/web\/\/wp-content\/uploads\/2018\/12\/Motoredutores.png?id=30588) !important;background-position: center !important;background-repeat: no-repeat !important;background-size: cover !important;}&#8221;][vc_column_inner width=&#8221;1\/2&#8243;][vc_column_text css_animation=&#8221;left-to-right&#8221;]<\/p>\n<h2 style=\"margin-bottom: 20px;\"><span style=\"color: #2c2c2c;\">Especifica\u00e7\u00f5es T\u00e9cnica dos Motores Trif\u00e1sicos<\/span><\/h2>\n<div style=\"width: 63px; height: 2px; background: #fbcf00; text-indent: 9999px;\">1<\/div>\n<p>[\/vc_column_text][vc_column_text]Os motores el\u00e9tricos recondicionados comercializados pela Santo Andr\u00e9 Motores s\u00e3o de carca\u00e7a de ferro fundido, para o m\u00e1ximo desempenho e rendimento.<\/p>\n<p>Tenha mais confiabilidade e economia na sua ind\u00fastria ou com\u00e9rcio!<\/p>\n<p>Para aplica\u00e7\u00e3o residencial, o motor el\u00e9trico trif\u00e1sico \u00e9 usado apenas em \u00e1reas que possuem rede trif\u00e1sica e necessidades espec\u00edficas (exemplo: elevadores residenciais, exaustores residenciais entre outros)[\/vc_column_text][\/vc_column_inner][vc_column_inner width=&#8221;1\/2&#8243; css=&#8221;.vc_custom_1618580647271{padding-right: 78px !important;padding-left: 78px !important;background-color: rgba(255,255,255,0.4) !important;*background-color: rgb(255,255,255) !important;}&#8221;][vc_column_text css_animation=&#8221;right-to-left&#8221;]<\/p>\n<ul>\n<li>Grau de prote\u00e7\u00e3o: IP54;<\/li>\n<li>Frequ\u00eancia: 60 Hz \/ 50 Hz;<\/li>\n<li>Modelo standard;<\/li>\n<li>Classe de isolamento \u201cF\u201d \/ \u2018\u2019B\u2019\u2019;<\/li>\n<li>Pot\u00eancia: 0,16 a 700 cv;<\/li>\n<li>Polaridade: 2 p\u00f3los (3500 rpm), 4 p\u00f3los (1750 rpm), 6 p\u00f3los (1100 rpm) e 8 p\u00f3los (860 rpm), 10 p\u00f3los (700 rpm), 12 p\u00f3los (590 rpm) 14 p\u00f3los (515), 16 p\u00f3los (450 rpm);<\/li>\n<li>Tens\u00e3o: 220\/380 (06 fios de sa\u00edda) \/ 380\/660 (06 fios de sa\u00edda) \/ 440\/760 (06 fios de sa\u00edda) \/ 220\/440 (09 fios de sa\u00edda) \/ 220\/380\/440\/760 (12 fios de sa\u00edda);<\/li>\n<li>Carca\u00e7as: 63 a HGF 450;<\/li>\n<li>Cor: Azul RAL 5009.<\/li>\n<\/ul>\n<p>[\/vc_column_text]<div class=\"clearboth\"><\/div><div class=\"gem-divider \" style=\"margin-top: 95px;\"><\/div>[\/vc_column_inner][\/vc_row_inner][\/vc_column][\/vc_row][vc_row full_width=&#8221;stretch_row_content_no_spaces&#8221; css=&#8221;.vc_custom_1464176165727{margin-bottom: 0px !important;}&#8221;][vc_column offset=&#8221;vc_hidden-lg&#8221;][vc_row_inner css=&#8221;.vc_custom_1523108058128{background-position: center !important;background-repeat: no-repeat !important;background-size: cover !important;}&#8221;][vc_column_inner css=&#8221;.vc_custom_1523108104260{padding-right: 20px !important;padding-left: 20px !important;background-color: rgba(39,41,44,0.4) !important;*background-color: rgb(39,41,44) !important;}&#8221;][vc_column_text css_animation=&#8221;right-to-left&#8221;]<\/p>\n<div class=\"title-h2\" style=\"margin-bottom: 20px;\"><span style=\"color: #ffffff;\">Motor Trif\u00e1sico<\/span><\/div>\n<p><strong><span style=\"color: #ffffff;\">ENCONTRE AQUI NA SANTO ANDR\u00c9 MOTORES, MOTOR EL\u00c9TRICO USADO, RECONDICIONADO OU SEMI-NOVO POR UM PRE\u00c7O EXCEPCIONAL E PRAZO DE PAGAMENTO DE AT\u00c9 05 VEZES SEM JUROS E COM GARANTIA DE 180 DIAS.<\/span><\/strong><\/p>\n<div style=\"width: 63px; height: 2px; background: #fbcf00; text-indent: 9999px;\">1<\/div>\n<p>[\/vc_column_text]<div class=\"clearboth\"><\/div><div class=\"gem-divider \" style=\"margin-top: 65px;\"><\/div>[vc_column_text css_animation=&#8221;right-to-left&#8221;]<span style=\"color: #ffffff;\">Maior estoque do Brasil de Motores El\u00e9tricos Trif\u00e1sicos Usados, com grande variedade de marcas e modelos. Encontre na Santo Andr\u00e9 Motores o Motor El\u00e9trico trif\u00e1sico mais adequado para qualquer uso em equipamentos el\u00e9tricos. Voc\u00ea pode utilizar Motores El\u00e9tricos Trif\u00e1sicos Usados e recondicionados para finalidade industrial, comercial ou residencial. Venda de Motores El\u00e9tricos Trif\u00e1sicos Usados das marcas: WEG, Eberle, Siemens, GE, Arno, Bufalo, Kolback, Voges, Toshiba, entre outros.<\/span>[\/vc_column_text]<div class=\"clearboth\"><\/div><div class=\"gem-divider \" style=\"margin-top: 40px;\"><\/div><div class=\"clearboth\"><\/div><div class=\"gem-divider \" style=\"margin-top: 95px;\"><\/div>[\/vc_column_inner][\/vc_row_inner][\/vc_column][\/vc_row][vc_row full_width=&#8221;stretch_row&#8221; css=&#8221;.vc_custom_1544785349828{margin-bottom: 0px !important;background-image: url(https:\/\/santoandremotores.com.br\/web\/\/wp-content\/uploads\/2018\/12\/Motor-Trif\u00e1sico.png?id=30584) !important;background-position: center !important;background-repeat: no-repeat !important;background-size: cover !important;}&#8221;][vc_column offset=&#8221;vc_hidden-lg&#8221;]<div class=\"clearboth\"><\/div><div class=\"gem-divider \" style=\"margin-top: 40px;\"><\/div>[\/vc_column][vc_column width=&#8221;1\/2&#8243; offset=&#8221;vc_hidden-lg&#8221;][vc_column_text css_animation=&#8221;left-to-right&#8221;]<\/p>\n<h5 style=\"margin-bottom: 20px;\"><span style=\"color: #2c2c2c;\">Especifica\u00e7\u00f5es T\u00e9cnica dos Motores Trif\u00e1sicos<\/span><\/h5>\n<div style=\"width: 63px; height: 2px; background: #fbcf00; text-indent: 9999px;\">1<\/div>\n<p>[\/vc_column_text]<div class=\"clearboth\"><\/div><div class=\"gem-divider \" style=\"margin-top: 60px;\"><\/div>[vc_column_text css_animation=&#8221;left-to-right&#8221;]Os motores el\u00e9tricos recondicionados comercializados pela Santo Andr\u00e9 Motores s\u00e3o de carca\u00e7a de ferro fundido, para o m\u00e1ximo desempenho e rendimento.<\/p>\n<p>Tenha mais confiabilidade e economia na sua ind\u00fastria ou com\u00e9rcio!<\/p>\n<p>Para aplica\u00e7\u00e3o residencial, o motor el\u00e9trico trif\u00e1sico \u00e9 usado apenas em \u00e1reas que possuem rede trif\u00e1sica e necessidades espec\u00edficas (exemplo: elevadores residenciais, exaustores residenciais entre outros)[\/vc_column_text][\/vc_column][vc_column width=&#8221;1\/2&#8243; offset=&#8221;vc_col-lg-offset-0 vc_hidden-lg vc_col-md-offset-0 vc_col-sm-offset-0&#8243;]<div class=\"gem-list gem-list-type-square gem-list-color-4\"><ul>\n<li>Grau de prote\u00e7\u00e3o: IP54;<\/li>\n<li>Frequ\u00eancia: 60 Hz \/ 50 Hz;<\/li>\n<li>Modelo standard;<\/li>\n<li>Classe de isolamento \u201cF\u201d \/ \u2018\u2019B\u2019\u2019;<\/li>\n<li>Pot\u00eancia: 0,16 a 700 cv;<\/li>\n<li>Polaridade: 2 p\u00f3los (3500 rpm), 4 p\u00f3los (1750 rpm), 6 p\u00f3los (1100 rpm) e 8 p\u00f3los (860 rpm), 10 p\u00f3los (700 rpm), 12 p\u00f3los (590 rpm) 14 p\u00f3los (515), 16 p\u00f3los (450 rpm);<\/li>\n<li>Tens\u00e3o: 220\/380 (06 fios de sa\u00edda) \/ 380\/660 (06 fios de sa\u00edda) \/ 440\/760 (06 fios de sa\u00edda) \/ 220\/440 (09 fios de sa\u00edda) \/ 220\/380\/440\/760 (12 fios de sa\u00edda);<\/li>\n<li>Carca\u00e7as: 63 a HGF 450;<\/li>\n<li>Cor: Azul RAL 5009.<\/li>\n<\/ul>\n<\/div>[\/vc_column][\/vc_row]<\/p>\n","protected":false},"excerpt":{"rendered":"<p>[vc_row full_width=&#8221;stretch_row_content_no_spaces&#8221; css=&#8221;.vc_custom_1464176165727{margin-bottom: 0px !important;}&#8221;][vc_column offset=&#8221;vc_hidden-md vc_hidden-sm vc_hidden-xs&#8221;][vc_row_inner css=&#8221;.vc_custom_1616011026167{background-image: url(https:\/\/santoandremotores.com.br\/web\/\/wp-content\/uploads\/2021\/03\/Santo_Andre_Motores_Novos_Banners-2-scaled.jpg?id=31334) !important;background-position: center !important;background-repeat: no-repeat !important;background-size: cover !important;}&#8221;][vc_column_inner width=&#8221;1\/2&#8243;][\/vc_column_inner][vc_column_inner width=&#8221;1\/2&#8243; css=&#8221;.vc_custom_1618580474495{padding-right: 78px !important;padding-left: 78px !important;background-color: rgba(39,41,44,0.4) !important;*background-color: rgb(39,41,44) !important;}&#8221;][vc_column_text css_animation=&#8221;right-to-left&#8221;] Motor Trif\u00e1sico ENCONTRE&#8230;<\/p>\n","protected":false},"author":1,"featured_media":0,"parent":0,"menu_order":0,"comment_status":"closed","ping_status":"closed","template":"","meta":[],"_links":{"self":[{"href":"https:\/\/santoandremotores.com.br\/web\/wp-json\/wp\/v2\/pages\/30190"}],"collection":[{"href":"https:\/\/santoandremotores.com.br\/web\/wp-json\/wp\/v2\/pages"}],"about":[{"href":"https:\/\/santoandremotores.com.br\/web\/wp-json\/wp\/v2\/types\/page"}],"author":[{"embeddable":true,"href":"https:\/\/santoandremotores.com.br\/web\/wp-json\/wp\/v2\/users\/1"}],"replies":[{"embeddable":true,"href":"https:\/\/santoandremotores.com.br\/web\/wp-json\/wp\/v2\/comments?post=30190"}],"version-history":[{"count":23,"href":"https:\/\/santoandremotores.com.br\/web\/wp-json\/wp\/v2\/pages\/30190\/revisions"}],"predecessor-version":[{"id":31815,"href":"https:\/\/santoandremotores.com.br\/web\/wp-json\/wp\/v2\/pages\/30190\/revisions\/31815"}],"wp:attachment":[{"href":"https:\/\/santoandremotores.com.br\/web\/wp-json\/wp\/v2\/media?parent=30190"}],"curies":[{"name":"wp","href":"https:\/\/api.w.org\/{rel}","templated":true}]}}