{"id":30083,"date":"2018-04-06T19:07:40","date_gmt":"2018-04-06T19:07:40","guid":{"rendered":"https:\/\/santoandremotores.com.br\/web\/\/?page_id=30083"},"modified":"2024-08-12T17:23:24","modified_gmt":"2024-08-12T17:23:24","slug":"motor-eletrico","status":"publish","type":"page","link":"https:\/\/santoandremotores.com.br\/web\/motor-eletrico\/","title":{"rendered":"Motor El\u00e9trico"},"content":{"rendered":"<p>[vc_row full_width=&#8221;stretch_row_content_no_spaces&#8221; css=&#8221;.vc_custom_1464176165727{margin-bottom: 0px !important;}&#8221;][vc_column offset=&#8221;vc_hidden-md vc_hidden-sm vc_hidden-xs&#8221;]<div class=\"clearboth\"><\/div><div class=\"gem-divider \" style=\"\"><\/div>[vc_row_inner css=&#8221;.vc_custom_1544630686312{background-image: url(https:\/\/santoandremotores.com.br\/web\/\/wp-content\/uploads\/2018\/08\/fundo-motoreletrico.png?id=30483) !important;background-position: center !important;background-repeat: no-repeat !important;background-size: cover !important;}&#8221;][vc_column_inner width=&#8221;1\/2&#8243;][\/vc_column_inner][vc_column_inner width=&#8221;1\/2&#8243; css=&#8221;.vc_custom_1618580284875{padding-right: 78px !important;padding-left: 78px !important;background-color: rgba(39,41,44,0.4) !important;*background-color: rgb(39,41,44) !important;}&#8221;]<div class=\"clearboth\"><\/div><div class=\"gem-divider \" style=\"margin-top: 100px;\"><\/div>[vc_column_text css_animation=&#8221;right-to-left&#8221;]<\/p>\n<h2 class=\"title-h2\" style=\"margin-bottom: 20px;\"><span style=\"color: #ffffff;\">MOTOR EL\u00c9TRICO<\/span><\/h2>\n<h2 style=\"width: 63px; height: 2px; background: #fbcf00; text-indent: 9999px;\">1<\/h2>\n<p>[\/vc_column_text]<div class=\"clearboth\"><\/div><div class=\"gem-divider \" style=\"margin-top: 65px;\"><\/div>[vc_column_text css_animation=&#8221;right-to-left&#8221;]<span style=\"color: #ffffff;\">Temos o maior estoque do Brasil, com grande variedade de marcas, tamanhos e modelos de MOTORES EL\u00c9TRICOS USADOS: Weg, GE, Eberle, Siemens, Arno, B\u00fafalo entre outros\u2026<\/span><\/p>\n<p><span style=\"color: #ffffff;\">Excelente rela\u00e7\u00e3o de custo-benef\u00edcio comparado a um motor novo e com garantia de 180 dias.<\/span><\/p>\n<p><span style=\"color: #ffffff;\">Trabalhamos com os melhores produtos para que o seu motor tenha sempre a melhor qualidade.<\/span>[\/vc_column_text]<div class=\"clearboth\"><\/div><div class=\"gem-divider \" style=\"margin-top: 40px;\"><\/div><div class=\"clearboth\"><\/div><div class=\"gem-divider \" style=\"margin-top: 95px;\"><\/div>[\/vc_column_inner][\/vc_row_inner][\/vc_column][\/vc_row][vc_row full_width=&#8221;stretch_row_content_no_spaces&#8221; slider_content=&#8221;&#8221; css=&#8221;.vc_custom_1616077857400{margin-bottom: 0px !important;background-image: url(https:\/\/santoandremotores.com.br\/web\/\/wp-content\/uploads\/2016\/05\/construction01_about_us_background.png?id=24056) !important;background-position: center !important;background-repeat: no-repeat !important;background-size: cover !important;}&#8221;][vc_column width=&#8221;1\/2&#8243; offset=&#8221;vc_hidden-md vc_hidden-sm vc_hidden-xs&#8221;]<div class=\"clearboth\"><\/div><div class=\"gem-divider \" style=\"margin-top: 40px;\"><\/div>[vc_column_text css_animation=&#8221;left-to-right&#8221;]<\/p>\n<h2 class=\"title-h2\" style=\"margin-bottom: 20px;\"><strong><span style=\"color: #2c2c2c;\">ESPECIFICA\u00c7\u00d5ES T\u00c9CNICA DO MOTOR EL\u00c9TRICO<\/span><\/strong><\/h2>\n<div style=\"width: 63px; height: 2px; background: #fbcf00; text-indent: 9999px;\">1<\/div>\n<p>[\/vc_column_text]<div class=\"clearboth\"><\/div><div class=\"gem-divider \" style=\"margin-top: 40px;\"><\/div>[vc_column_text css_animation=&#8221;left-to-right&#8221;]<\/p>\n<div class=\"wpb_text_column wpb_content_element wpb_animate_when_almost_visible wpb_left-to-right left-to-right wpb_start_animation animated\">\n<div class=\"wpb_wrapper\">\n<p><span style=\"color: #8d8d8d;\"><\/p>\n<p style=\"text-align: justify; margin-right:50px; font-family:Arial\">Possu\u00edmos o maior estoque do Brasil. Trabalhamos com seriedade, pensando sempre no melhor atendimento aos nossos clientes. Ocupamos um lugar de destaque no mercado, valorizado por um grupo profissional altamente competente, alta qualidade em produtos e com pre\u00e7os competitivos.<\/p>\n<p><\/span><\/p>\n<\/div>\n<\/div>\n<div class=\"clearboth\"><\/div>\n<p>[\/vc_column_text]<div class=\"clearboth\"><\/div><div class=\"gem-divider \" style=\"margin-top: 60px;\"><\/div>[\/vc_column][vc_column width=&#8221;1\/2&#8243;]<div class=\"clearboth\"><\/div><div class=\"gem-divider \" style=\"margin-top: 40px;\"><\/div><div class=\"gem-list gem-list-type-square gem-list-color-4\"><p class=\"Question__title___1Wgtn\" style=\"text-align: left;\"><span style=\"color: #ffb932;\">\u2022<\/span><span style=\"color: #5f727f;\">&nbsp;Grau de prote\u00e7\u00e3o: IP54;<\/span><\/p>\n<p class=\"Question__title___1Wgtn\" style=\"text-align: left;\"><span style=\"color: #ffb932;\">\u2022<\/span><span style=\"color: #5f727f;\"> Frequ\u00eancia: 60 Hz \/ 50 Hz;<\/span><\/p>\n<p class=\"Question__title___1Wgtn\" style=\"text-align: left;\"><span style=\"color: #ffb932;\">\u2022<\/span><span style=\"color: #5f727f;\">&nbsp; Modelo standard; <\/span><\/p>\n<p class=\"Question__title___1Wgtn\" style=\"text-align: left;\"><span style=\"color: #ffb932;\">\u2022<\/span><span style=\"color: #5f727f;\"> Classe de isolamento \u201cF\u201d \/ \u2018\u2019B\u2019\u2019; <\/span><\/p>\n<p class=\"Question__title___1Wgtn\" style=\"text-align: left;\"><span style=\"color: #ffb932;\">\u2022<\/span><span style=\"color: #5f727f;\"> Pot\u00eancia: 0,16 a 700 cv;<\/span><\/p>\n<p class=\"Question__title___1Wgtn\" style=\"text-align: left;\"><span style=\"color: #ffb932;\">\u2022<\/span><span style=\"color: #5f727f;\"> Polaridade: 2 p\u00f3los (3500 rpm), 4 p\u00f3los (1750 rpm), 6 p\u00f3los (1100 rpm) e 8 p\u00f3los (860 rpm), 10 p\u00f3los (700 rpm), 12 p\u00f3los (590 rpm) 14 p\u00f3los (515), 16 p\u00f3los (450 rpm);<\/span><\/p>\n<p class=\"Question__title___1Wgtn\" style=\"text-align: left;\"><span style=\"color: #ffb932;\">\u2022<\/span><span style=\"color: #5f727f;\"> Tens\u00e3o: 220\/380 (06 fios de sa\u00edda) \/ 380\/660 (06 fios de sa\u00edda) \/ 440\/760 (06 fios de sa\u00edda) \/ 220\/440 (09 fios de sa\u00edda) \/ 220\/380\/440\/760 (12 fios de sa\u00edda);<\/span><\/p>\n<p class=\"Question__title___1Wgtn\" style=\"text-align: left;\"><span style=\"color: #ffb932;\">\u2022<\/span><span style=\"color: #5f727f;\"> Carca\u00e7as: 63 a HGF 450;<\/span><\/p>\n<p class=\"Question__title___1Wgtn\" style=\"text-align: left;\"><span style=\"color: #ffb932;\">\u2022<\/span><span style=\"color: #5f727f;\"> Cor: Azul RAL 5009.<\/span><\/p>\n<\/div>[\/vc_column][\/vc_row][vc_row full_width=&#8221;stretch_row_content_no_spaces&#8221; css=&#8221;.vc_custom_1464176165727{margin-bottom: 0px !important;}&#8221;][vc_column offset=&#8221;vc_hidden-lg&#8221;][vc_row_inner css=&#8221;.vc_custom_1523108058128{background-position: center !important;background-repeat: no-repeat !important;background-size: cover !important;}&#8221;][vc_column_inner css=&#8221;.vc_custom_1523108104260{padding-right: 20px !important;padding-left: 20px !important;background-color: rgba(39,41,44,0.4) !important;*background-color: rgb(39,41,44) !important;}&#8221;][vc_column_text css_animation=&#8221;right-to-left&#8221;]<\/p>\n<h1 class=\"title-h2\" style=\"margin-bottom: 20px;\"><span style=\"color: #ffffff;\">MOTOR EL\u00c9TRICO<\/span><\/h1>\n<div style=\"width: 63px; height: 2px; background: #fbcf00; text-indent: 9999px;\">1<\/div>\n<p>[\/vc_column_text]<div class=\"clearboth\"><\/div><div class=\"gem-divider \" style=\"margin-top: 65px;\"><\/div>[vc_column_text css_animation=&#8221;right-to-left&#8221;]<\/p>\n<p style=\"text-align: justify;\"><span style=\"color: #ffffff;\">Temos o maior estoque do Brasil, com grande variedade de marcas, tamanhos e modelos de MOTORES EL\u00c9TRICOS USADOS e RECONDICIONADOS: Weg, GE, Eberle, Siemens, Arno, B\u00fafalo entre outros&#8230;<\/span><\/p>\n<p style=\"text-align: justify;\"><span style=\"color: #ffffff;\">Excelente rela\u00e7\u00e3o de custo-benef\u00edcio comparado a um motor novo e com garantia de 180 dias.<\/span><\/p>\n<p style=\"text-align: justify;\"><span style=\"color: #ffffff;\">Trabalhamos com os melhores produtos para que o seu motor tenha sempre a melhor qualidade.<\/span><\/p>\n<p>[\/vc_column_text]<div class=\"clearboth\"><\/div><div class=\"gem-divider \" style=\"margin-top: 40px;\"><\/div><div class=\"clearboth\"><\/div><div class=\"gem-divider \" style=\"margin-top: 95px;\"><\/div>[\/vc_column_inner][\/vc_row_inner][\/vc_column][\/vc_row][vc_row full_width=&#8221;stretch_row&#8221; css=&#8221;.vc_custom_1464604004533{margin-bottom: 0px !important;background-image: url(https:\/\/santoandremotores.com.br\/web\/\/wp-content\/uploads\/2016\/05\/construction01_about_us_background.png?id=24056) !important;background-position: center !important;background-repeat: no-repeat !important;background-size: cover !important;}&#8221;][vc_column offset=&#8221;vc_hidden-lg&#8221;]<div class=\"clearboth\"><\/div><div class=\"gem-divider \" style=\"margin-top: 40px;\"><\/div>[\/vc_column][vc_column width=&#8221;1\/2&#8243; offset=&#8221;vc_hidden-lg&#8221;][vc_column_text css_animation=&#8221;left-to-right&#8221;]<\/p>\n<div class=\"title-h2\" style=\"margin-bottom: 20px;\"><span style=\"color: #2c2c2c;\">Especifica\u00e7\u00f5es T\u00e9cnica do Motor El\u00e9trico<\/span><\/div>\n<div style=\"width: 63px; height: 2px; background: #fbcf00; text-indent: 9999px;\">1<\/div>\n<p>[\/vc_column_text]<div class=\"clearboth\"><\/div><div class=\"gem-divider \" style=\"margin-top: 60px;\"><\/div>[vc_column_text css_animation=&#8221;left-to-right&#8221;]<span style=\"color: #8d8d8d;\"><\/p>\n<p style=\"text-align: justify;\">Possu\u00edmos o maior estoque do Brasil. Trabalhamos com seriedade, pensando sempre no melhor atendimento aos nossos clientes. Ocupamos um lugar de destaque no mercado, valorizado por um grupo profissional altamente competente, alta qualidade em produtos e com pre\u00e7os competitivos.<\/p>\n<p><\/span>[\/vc_column_text][\/vc_column][vc_column width=&#8221;1\/2&#8243; offset=&#8221;vc_col-lg-offset-0 vc_hidden-lg vc_col-md-offset-0 vc_col-sm-offset-0&#8243;]<div class=\"gem-list gem-list-type-square gem-list-color-4\"><ul>\n<li>Grau de prote\u00e7\u00e3o: IP54;<\/li>\n<li>Frequ\u00eancia: 60 Hz \/ 50 Hz;<\/li>\n<li>Modelo standard;<\/li>\n<li>Classe de isolamento \u201cF\u201d \/ \u2018\u2019B\u2019\u2019;<\/li>\n<li>Pot\u00eancia: 0,16 a 700 cv;<\/li>\n<li>Polaridade: 2 p\u00f3los (3500 rpm), 4 p\u00f3los (1750 rpm), 6 p\u00f3los (1100 rpm) e 8 p\u00f3los (860 rpm), 10 p\u00f3los (700 rpm), 12 p\u00f3los (590 rpm) 14 p\u00f3los (515), 16 p\u00f3los (450 rpm);<\/li>\n<li>Tens\u00e3o: 220\/380 (06 fios de sa\u00edda) \/ 380\/660 (06 fios de sa\u00edda) \/ 440\/760 (06 fios de sa\u00edda) \/ 220\/440 (09 fios de sa\u00edda) \/ 220\/380\/440\/760 (12 fios de sa\u00edda);<\/li>\n<li>Carca\u00e7as: 63 a HGF 450;<\/li>\n<li>Cor: Azul RAL 5009.<\/li>\n<\/ul>\n<\/div>[\/vc_column][\/vc_row]<\/p>\n","protected":false},"excerpt":{"rendered":"<p>[vc_row full_width=&#8221;stretch_row_content_no_spaces&#8221; css=&#8221;.vc_custom_1464176165727{margin-bottom: 0px !important;}&#8221;][vc_column offset=&#8221;vc_hidden-md vc_hidden-sm vc_hidden-xs&#8221;][vc_row_inner css=&#8221;.vc_custom_1544630686312{background-image: url(https:\/\/santoandremotores.com.br\/web\/\/wp-content\/uploads\/2018\/08\/fundo-motoreletrico.png?id=30483) !important;background-position: center !important;background-repeat: no-repeat !important;background-size: cover !important;}&#8221;][vc_column_inner width=&#8221;1\/2&#8243;][\/vc_column_inner][vc_column_inner width=&#8221;1\/2&#8243; css=&#8221;.vc_custom_1618580284875{padding-right: 78px !important;padding-left: 78px !important;background-color: rgba(39,41,44,0.4) !important;*background-color: rgb(39,41,44) !important;}&#8221;][vc_column_text css_animation=&#8221;right-to-left&#8221;] MOTOR EL\u00c9TRICO 1&#8230;<\/p>\n","protected":false},"author":1,"featured_media":0,"parent":0,"menu_order":0,"comment_status":"closed","ping_status":"closed","template":"","meta":[],"_links":{"self":[{"href":"https:\/\/santoandremotores.com.br\/web\/wp-json\/wp\/v2\/pages\/30083"}],"collection":[{"href":"https:\/\/santoandremotores.com.br\/web\/wp-json\/wp\/v2\/pages"}],"about":[{"href":"https:\/\/santoandremotores.com.br\/web\/wp-json\/wp\/v2\/types\/page"}],"author":[{"embeddable":true,"href":"https:\/\/santoandremotores.com.br\/web\/wp-json\/wp\/v2\/users\/1"}],"replies":[{"embeddable":true,"href":"https:\/\/santoandremotores.com.br\/web\/wp-json\/wp\/v2\/comments?post=30083"}],"version-history":[{"count":21,"href":"https:\/\/santoandremotores.com.br\/web\/wp-json\/wp\/v2\/pages\/30083\/revisions"}],"predecessor-version":[{"id":31818,"href":"https:\/\/santoandremotores.com.br\/web\/wp-json\/wp\/v2\/pages\/30083\/revisions\/31818"}],"wp:attachment":[{"href":"https:\/\/santoandremotores.com.br\/web\/wp-json\/wp\/v2\/media?parent=30083"}],"curies":[{"name":"wp","href":"https:\/\/api.w.org\/{rel}","templated":true}]}}